{"id":79559,"date":"2025-11-28T09:45:10","date_gmt":"2025-11-28T08:45:10","guid":{"rendered":"https:\/\/www.hirtenberg-apotheke.at\/katalog\/produkt\/seewald-14-kraeuter-tonikum-250-ml\/"},"modified":"2025-11-28T09:45:43","modified_gmt":"2025-11-28T08:45:43","slug":"seewald-14-kraeuter-tonikum-250-ml","status":"publish","type":"product","link":"https:\/\/www.hirtenberg-apotheke.at\/katalog\/produkt\/seewald-14-kraeuter-tonikum-250-ml\/","title":{"rendered":"SEEWALD 14 Kr\u00e4uter Tonikum 250 ml"},"content":{"rendered":"<p>SEEWALD 14 Kr\u00e4uter Tonikum ist ein vollkommen alkoholfreies Vitaltonikum, hergestellt mit Kr\u00e4utern aus dem Klostergarten und weiteren wohltuenden Pflanzen und Gew\u00fcrzen, abgerundet mit Bio-Granatapfel- und Bio-Aronia-Saft.<\/p>\n","protected":false},"excerpt":{"rendered":"<p>SEEWALD 14 Kr\u00e4uter Tonikum ist ein vollkommen alkoholfreies Vitaltonikum, hergestellt mit Kr\u00e4utern aus dem Klostergarten und weiteren wohltuenden Pflanzen und Gew\u00fcrzen, abgerundet mit Bio-Granatapfel- und Bio-Aronia-Saft.<\/p>\n","protected":false},"featured_media":0,"template":"","meta":{"_acf_changed":false},"product_brand":[1057],"product_cat":[303],"product_tag":[],"class_list":{"0":"post-79559","1":"product","2":"type-product","3":"status-publish","5":"product_brand-seewald","6":"product_cat-s","7":"pa_packungsgroesse-250ml","9":"first","10":"instock","11":"shipping-taxable","12":"purchasable","13":"product-type-simple"},"acf":[],"_links":{"self":[{"href":"https:\/\/www.hirtenberg-apotheke.at\/katalog\/wp-json\/wp\/v2\/product\/79559","targetHints":{"allow":["GET"]}}],"collection":[{"href":"https:\/\/www.hirtenberg-apotheke.at\/katalog\/wp-json\/wp\/v2\/product"}],"about":[{"href":"https:\/\/www.hirtenberg-apotheke.at\/katalog\/wp-json\/wp\/v2\/types\/product"}],"wp:attachment":[{"href":"https:\/\/www.hirtenberg-apotheke.at\/katalog\/wp-json\/wp\/v2\/media?parent=79559"}],"wp:term":[{"taxonomy":"product_brand","embeddable":true,"href":"https:\/\/www.hirtenberg-apotheke.at\/katalog\/wp-json\/wp\/v2\/product_brand?post=79559"},{"taxonomy":"product_cat","embeddable":true,"href":"https:\/\/www.hirtenberg-apotheke.at\/katalog\/wp-json\/wp\/v2\/product_cat?post=79559"},{"taxonomy":"product_tag","embeddable":true,"href":"https:\/\/www.hirtenberg-apotheke.at\/katalog\/wp-json\/wp\/v2\/product_tag?post=79559"}],"curies":[{"name":"wp","href":"https:\/\/api.w.org\/{rel}","templated":true}]}}