{"id":79565,"date":"2025-11-28T09:45:10","date_gmt":"2025-11-28T08:45:10","guid":{"rendered":"https:\/\/www.hirtenberg-apotheke.at\/katalog\/produkt\/brain-power-kapseln-60-stk\/"},"modified":"2025-11-28T09:46:09","modified_gmt":"2025-11-28T08:46:09","slug":"brain-power-kapseln-60-stk","status":"publish","type":"product","link":"https:\/\/www.hirtenberg-apotheke.at\/katalog\/produkt\/brain-power-kapseln-60-stk\/","title":{"rendered":"Brain Power Kapseln 60 Stk."},"content":{"rendered":"<p>BrainPower Kapseln wurden entwickelt, um den Gehirnstoffwechsel zu optimieren und die mentale Leistung zu steigern. Es enth\u00e4lt wissenschaftlich getestete Wirkstoffe, welche die Durchblutung des Gehirns f\u00f6rdern, die Sauerstoffversorgung verbessern, die Energie der Gehirnzellen steigern und die Produktion von Acetylcholin f\u00f6rdern..<\/p>\n","protected":false},"excerpt":{"rendered":"<p>BrainPower Kapseln wurden entwickelt, um den Gehirnstoffwechsel zu optimieren und die mentale Leistung zu steigern. Es enth\u00e4lt wissenschaftlich getestete Wirkstoffe, welche die Durchblutung des Gehirns f\u00f6rdern, die Sauerstoffversorgung verbessern, die Energie der Gehirnzellen steigern und die Produktion von Acetylcholin f\u00f6rdern..<\/p>\n","protected":false},"featured_media":79567,"template":"","meta":{"_acf_changed":false},"product_brand":[],"product_cat":[292],"product_tag":[],"class_list":{"0":"post-79565","1":"product","2":"type-product","3":"status-publish","4":"has-post-thumbnail","6":"product_cat-b","7":"pa_packungsgroesse-60-stueck","9":"first","10":"instock","11":"shipping-taxable","12":"purchasable","13":"product-type-simple"},"acf":[],"_links":{"self":[{"href":"https:\/\/www.hirtenberg-apotheke.at\/katalog\/wp-json\/wp\/v2\/product\/79565","targetHints":{"allow":["GET"]}}],"collection":[{"href":"https:\/\/www.hirtenberg-apotheke.at\/katalog\/wp-json\/wp\/v2\/product"}],"about":[{"href":"https:\/\/www.hirtenberg-apotheke.at\/katalog\/wp-json\/wp\/v2\/types\/product"}],"wp:featuredmedia":[{"embeddable":true,"href":"https:\/\/www.hirtenberg-apotheke.at\/katalog\/wp-json\/wp\/v2\/media\/79567"}],"wp:attachment":[{"href":"https:\/\/www.hirtenberg-apotheke.at\/katalog\/wp-json\/wp\/v2\/media?parent=79565"}],"wp:term":[{"taxonomy":"product_brand","embeddable":true,"href":"https:\/\/www.hirtenberg-apotheke.at\/katalog\/wp-json\/wp\/v2\/product_brand?post=79565"},{"taxonomy":"product_cat","embeddable":true,"href":"https:\/\/www.hirtenberg-apotheke.at\/katalog\/wp-json\/wp\/v2\/product_cat?post=79565"},{"taxonomy":"product_tag","embeddable":true,"href":"https:\/\/www.hirtenberg-apotheke.at\/katalog\/wp-json\/wp\/v2\/product_tag?post=79565"}],"curies":[{"name":"wp","href":"https:\/\/api.w.org\/{rel}","templated":true}]}}