{"id":79574,"date":"2025-11-28T09:46:08","date_gmt":"2025-11-28T08:46:08","guid":{"rendered":"https:\/\/www.hirtenberg-apotheke.at\/katalog\/produkt\/life-light-vitamin-c-retard-kapseln-vegan-60-stk\/"},"modified":"2025-11-28T09:46:20","modified_gmt":"2025-11-28T08:46:20","slug":"life-light-vitamin-c-retard-kapseln-vegan-60-stk","status":"publish","type":"product","link":"https:\/\/www.hirtenberg-apotheke.at\/katalog\/produkt\/life-light-vitamin-c-retard-kapseln-vegan-60-stk\/","title":{"rendered":"Life Light Vitamin C Retard Kapseln Vegan 60 Stk."},"content":{"rendered":"<p>Vitamin C Retard Kapseln Vegan tragen zu einer normalen Kollagenbildung f\u00fcr normale Funktionen der Haut, des Zahnfleischs, der Z\u00e4hne, der Knochen und der Knorpel bei. Das Vitamin erh\u00f6ht die Eisenaufnahme, tr\u00e4gt zur Regenerierung der reduzierten Form von Vitamin E bei und sch\u00fctzt Zellen vor oxidativem Stress. Das enthaltene Zink leistet einen Beitrag zur Erhaltung normaler Haut, Haare, N\u00e4gel und Knochen.<\/p>\n","protected":false},"excerpt":{"rendered":"<p>Vitamin C Retard Kapseln Vegan tragen zu einer normalen Kollagenbildung f\u00fcr normale Funktionen der Haut, des Zahnfleischs, der Z\u00e4hne, der Knochen und der Knorpel bei. Das Vitamin erh\u00f6ht die Eisenaufnahme, tr\u00e4gt zur Regenerierung der reduzierten Form von Vitamin E bei und sch\u00fctzt Zellen vor oxidativem Stress. Das enthaltene Zink leistet einen Beitrag zur Erhaltung normaler [&hellip;]<\/p>\n","protected":false},"featured_media":79576,"template":"","meta":{"_acf_changed":false},"product_brand":[],"product_cat":[317],"product_tag":[],"class_list":{"0":"post-79574","1":"product","2":"type-product","3":"status-publish","4":"has-post-thumbnail","6":"product_cat-l","7":"pa_packungsgroesse-60-stueck","9":"first","10":"instock","11":"shipping-taxable","12":"purchasable","13":"product-type-simple"},"acf":[],"_links":{"self":[{"href":"https:\/\/www.hirtenberg-apotheke.at\/katalog\/wp-json\/wp\/v2\/product\/79574","targetHints":{"allow":["GET"]}}],"collection":[{"href":"https:\/\/www.hirtenberg-apotheke.at\/katalog\/wp-json\/wp\/v2\/product"}],"about":[{"href":"https:\/\/www.hirtenberg-apotheke.at\/katalog\/wp-json\/wp\/v2\/types\/product"}],"wp:featuredmedia":[{"embeddable":true,"href":"https:\/\/www.hirtenberg-apotheke.at\/katalog\/wp-json\/wp\/v2\/media\/79576"}],"wp:attachment":[{"href":"https:\/\/www.hirtenberg-apotheke.at\/katalog\/wp-json\/wp\/v2\/media?parent=79574"}],"wp:term":[{"taxonomy":"product_brand","embeddable":true,"href":"https:\/\/www.hirtenberg-apotheke.at\/katalog\/wp-json\/wp\/v2\/product_brand?post=79574"},{"taxonomy":"product_cat","embeddable":true,"href":"https:\/\/www.hirtenberg-apotheke.at\/katalog\/wp-json\/wp\/v2\/product_cat?post=79574"},{"taxonomy":"product_tag","embeddable":true,"href":"https:\/\/www.hirtenberg-apotheke.at\/katalog\/wp-json\/wp\/v2\/product_tag?post=79574"}],"curies":[{"name":"wp","href":"https:\/\/api.w.org\/{rel}","templated":true}]}}