{"id":79667,"date":"2025-11-28T09:48:24","date_gmt":"2025-11-28T08:48:24","guid":{"rendered":"https:\/\/www.hirtenberg-apotheke.at\/katalog\/produkt\/la-roche-posay-effaclar-k-40-ml\/"},"modified":"2025-11-28T09:49:06","modified_gmt":"2025-11-28T08:49:06","slug":"la-roche-posay-effaclar-k-40-ml","status":"publish","type":"product","link":"https:\/\/www.hirtenberg-apotheke.at\/katalog\/produkt\/la-roche-posay-effaclar-k-40-ml\/","title":{"rendered":"La Roche-Posay Effaclar K+ 40 ml"},"content":{"rendered":"<p>La Roche-Posay Effaclar K+ 40 ml ist eine hautbilderneuernde Creme gegen unreine Haut und Mitesser. Die Pflege beugt der Entstehung neuer Mitesser und Unreinheiten durch eine keratolytische und anti-oxidative Wirkung vor. Zudem bek\u00e4mpft sie den Hautglanz und mattiert die Haut f\u00fcr 8h. F\u00fcr ein sauberes und frisches Hautgef\u00fchl den ganzen Tag.<\/p>\n","protected":false},"excerpt":{"rendered":"<p>La Roche-Posay Effaclar K+ 40 ml ist eine hautbilderneuernde Creme gegen unreine Haut und Mitesser. Die Pflege beugt der Entstehung neuer Mitesser und Unreinheiten durch eine keratolytische und anti-oxidative Wirkung vor. Zudem bek\u00e4mpft sie den Hautglanz und mattiert die Haut f\u00fcr 8h. F\u00fcr ein sauberes und frisches Hautgef\u00fchl den ganzen Tag.<\/p>\n","protected":false},"featured_media":0,"template":"","meta":{"_acf_changed":false},"product_brand":[692],"product_cat":[317],"product_tag":[],"class_list":{"0":"post-79667","1":"product","2":"type-product","3":"status-publish","5":"product_brand-la-roche-posay","6":"product_cat-l","7":"pa_packungsgroesse-40ml","9":"first","10":"instock","11":"shipping-taxable","12":"purchasable","13":"product-type-simple"},"acf":[],"_links":{"self":[{"href":"https:\/\/www.hirtenberg-apotheke.at\/katalog\/wp-json\/wp\/v2\/product\/79667","targetHints":{"allow":["GET"]}}],"collection":[{"href":"https:\/\/www.hirtenberg-apotheke.at\/katalog\/wp-json\/wp\/v2\/product"}],"about":[{"href":"https:\/\/www.hirtenberg-apotheke.at\/katalog\/wp-json\/wp\/v2\/types\/product"}],"wp:attachment":[{"href":"https:\/\/www.hirtenberg-apotheke.at\/katalog\/wp-json\/wp\/v2\/media?parent=79667"}],"wp:term":[{"taxonomy":"product_brand","embeddable":true,"href":"https:\/\/www.hirtenberg-apotheke.at\/katalog\/wp-json\/wp\/v2\/product_brand?post=79667"},{"taxonomy":"product_cat","embeddable":true,"href":"https:\/\/www.hirtenberg-apotheke.at\/katalog\/wp-json\/wp\/v2\/product_cat?post=79667"},{"taxonomy":"product_tag","embeddable":true,"href":"https:\/\/www.hirtenberg-apotheke.at\/katalog\/wp-json\/wp\/v2\/product_tag?post=79667"}],"curies":[{"name":"wp","href":"https:\/\/api.w.org\/{rel}","templated":true}]}}