{"id":79814,"date":"2025-11-28T09:53:58","date_gmt":"2025-11-28T08:53:58","guid":{"rendered":"https:\/\/www.hirtenberg-apotheke.at\/katalog\/produkt\/cetaphil-sun-daylong-regulierendes-multi-schutz-fluid-gesicht-spf-50-50-ml\/"},"modified":"2025-11-28T09:54:01","modified_gmt":"2025-11-28T08:54:01","slug":"cetaphil-sun-daylong-regulierendes-multi-schutz-fluid-gesicht-spf-50-50-ml","status":"publish","type":"product","link":"https:\/\/www.hirtenberg-apotheke.at\/katalog\/produkt\/cetaphil-sun-daylong-regulierendes-multi-schutz-fluid-gesicht-spf-50-50-ml\/","title":{"rendered":"Cetaphil Sun Daylong Regulierendes Multi-Schutz-Fluid Gesicht SPF 50+ 50 ml"},"content":{"rendered":"<p>Cetaphil Sun Regulierendes Multi-Schutz-Fluid SPF 50+ &#8211; bietet Schutz und Pflege in einem: es sch\u00fctzt zuverl\u00e4ssig vor UVA- und UVB-Strahlung sowie Umweltschadstoffen und ist geeignet f\u00fcr die t\u00e4gliche Sonnenpflege f\u00fcr das Gesicht. Die ultra-leichte Textur zieht sofort ein, spendet bis zu acht Stunden intensive Feuchtigkeit und sorgt gleichzeitig f\u00fcr einen langanhaltenden mattierenden Effekt.<\/p>\n","protected":false},"excerpt":{"rendered":"<p>Cetaphil Sun Regulierendes Multi-Schutz-Fluid SPF 50+ &#8211; bietet Schutz und Pflege in einem: es sch\u00fctzt zuverl\u00e4ssig vor UVA- und UVB-Strahlung sowie Umweltschadstoffen und ist geeignet f\u00fcr die t\u00e4gliche Sonnenpflege f\u00fcr das Gesicht. Die ultra-leichte Textur zieht sofort ein, spendet bis zu acht Stunden intensive Feuchtigkeit und sorgt gleichzeitig f\u00fcr einen langanhaltenden mattierenden Effekt.<\/p>\n","protected":false},"featured_media":0,"template":"","meta":{"_acf_changed":false},"product_brand":[714],"product_cat":[337],"product_tag":[],"class_list":{"0":"post-79814","1":"product","2":"type-product","3":"status-publish","5":"product_brand-cetaphil","6":"product_cat-c","7":"pa_packungsgroesse-50ml","9":"first","10":"instock","11":"shipping-taxable","12":"purchasable","13":"product-type-simple"},"acf":[],"_links":{"self":[{"href":"https:\/\/www.hirtenberg-apotheke.at\/katalog\/wp-json\/wp\/v2\/product\/79814","targetHints":{"allow":["GET"]}}],"collection":[{"href":"https:\/\/www.hirtenberg-apotheke.at\/katalog\/wp-json\/wp\/v2\/product"}],"about":[{"href":"https:\/\/www.hirtenberg-apotheke.at\/katalog\/wp-json\/wp\/v2\/types\/product"}],"wp:attachment":[{"href":"https:\/\/www.hirtenberg-apotheke.at\/katalog\/wp-json\/wp\/v2\/media?parent=79814"}],"wp:term":[{"taxonomy":"product_brand","embeddable":true,"href":"https:\/\/www.hirtenberg-apotheke.at\/katalog\/wp-json\/wp\/v2\/product_brand?post=79814"},{"taxonomy":"product_cat","embeddable":true,"href":"https:\/\/www.hirtenberg-apotheke.at\/katalog\/wp-json\/wp\/v2\/product_cat?post=79814"},{"taxonomy":"product_tag","embeddable":true,"href":"https:\/\/www.hirtenberg-apotheke.at\/katalog\/wp-json\/wp\/v2\/product_tag?post=79814"}],"curies":[{"name":"wp","href":"https:\/\/api.w.org\/{rel}","templated":true}]}}