{"id":79932,"date":"2025-11-28T09:57:40","date_gmt":"2025-11-28T08:57:40","guid":{"rendered":"https:\/\/www.hirtenberg-apotheke.at\/katalog\/produkt\/nestle-thickenup-clear-125-g-1-stk\/"},"modified":"2025-11-28T09:58:34","modified_gmt":"2025-11-28T08:58:34","slug":"nestle-thickenup-clear-125-g-1-stk","status":"publish","type":"product","link":"https:\/\/www.hirtenberg-apotheke.at\/katalog\/produkt\/nestle-thickenup-clear-125-g-1-stk\/","title":{"rendered":"Nestl\u00e9 ThickenUp Clear 125 g 1 Stk."},"content":{"rendered":"<p>Nestl\u00e9 ThickenUp Clear ist ein amylaseresistentes, geschmacksneutrales Eindickungsmittel f\u00fcr Patienten mit Kau- und Schluckst\u00f6rungen. F\u00fcr Kinder ab 3 Jahren geeignet<\/p>\n","protected":false},"excerpt":{"rendered":"<p>Nestl\u00e9 ThickenUp Clear ist ein amylaseresistentes, geschmacksneutrales Eindickungsmittel f\u00fcr Patienten mit Kau- und Schluckst\u00f6rungen. F\u00fcr Kinder ab 3 Jahren geeignet<\/p>\n","protected":false},"featured_media":79934,"template":"","meta":{"_acf_changed":false},"product_brand":[825],"product_cat":[310],"product_tag":[],"class_list":{"0":"post-79932","1":"product","2":"type-product","3":"status-publish","4":"has-post-thumbnail","6":"product_brand-nestle","7":"product_cat-n","8":"pa_packungsgroesse-1-stueck","10":"first","11":"instock","12":"shipping-taxable","13":"purchasable","14":"product-type-simple"},"acf":[],"_links":{"self":[{"href":"https:\/\/www.hirtenberg-apotheke.at\/katalog\/wp-json\/wp\/v2\/product\/79932","targetHints":{"allow":["GET"]}}],"collection":[{"href":"https:\/\/www.hirtenberg-apotheke.at\/katalog\/wp-json\/wp\/v2\/product"}],"about":[{"href":"https:\/\/www.hirtenberg-apotheke.at\/katalog\/wp-json\/wp\/v2\/types\/product"}],"wp:featuredmedia":[{"embeddable":true,"href":"https:\/\/www.hirtenberg-apotheke.at\/katalog\/wp-json\/wp\/v2\/media\/79934"}],"wp:attachment":[{"href":"https:\/\/www.hirtenberg-apotheke.at\/katalog\/wp-json\/wp\/v2\/media?parent=79932"}],"wp:term":[{"taxonomy":"product_brand","embeddable":true,"href":"https:\/\/www.hirtenberg-apotheke.at\/katalog\/wp-json\/wp\/v2\/product_brand?post=79932"},{"taxonomy":"product_cat","embeddable":true,"href":"https:\/\/www.hirtenberg-apotheke.at\/katalog\/wp-json\/wp\/v2\/product_cat?post=79932"},{"taxonomy":"product_tag","embeddable":true,"href":"https:\/\/www.hirtenberg-apotheke.at\/katalog\/wp-json\/wp\/v2\/product_tag?post=79932"}],"curies":[{"name":"wp","href":"https:\/\/api.w.org\/{rel}","templated":true}]}}