{"id":80150,"date":"2025-11-28T10:05:01","date_gmt":"2025-11-28T09:05:01","guid":{"rendered":"https:\/\/www.hirtenberg-apotheke.at\/katalog\/produkt\/weleda-aroma-duschgel-relax-200-ml\/"},"modified":"2025-11-28T10:05:28","modified_gmt":"2025-11-28T09:05:28","slug":"weleda-aroma-duschgel-relax-200-ml","status":"publish","type":"product","link":"https:\/\/www.hirtenberg-apotheke.at\/katalog\/produkt\/weleda-aroma-duschgel-relax-200-ml\/","title":{"rendered":"Weleda Aroma Duschgel Relax 200 ml"},"content":{"rendered":"<p>Die Weleda Aroma Shower Relax Cremedusche umh\u00fcllt mit einem Duft mit Lavendel, Bergamotte und Vetiver. Die Aroma-Cremedusche schenkt ein Gef\u00fchl von Gelassenheit und unterst\u00fctzt das nat\u00fcrliche Wohlbefinden mit der Kraft von 100 % nat\u00fcrlichen \u00e4therischen \u00d6len und Pflanzenextrakten. Die Cremedusche ist leicht abzusp\u00fclen und bewahrt durch biologisch abbaubare Rezeptur (gem\u00e4\u00df OECD) die Hautfeuchtigkeit . Milde Tenside auf pflanzlicher Basis reinigen Ihre Haut sanft. Jetzt alle Weleda-Produkte online bestellen<\/p>\n","protected":false},"excerpt":{"rendered":"<p>Die Weleda Aroma Shower Relax Cremedusche umh\u00fcllt mit einem Duft mit Lavendel, Bergamotte und Vetiver. Die Aroma-Cremedusche schenkt ein Gef\u00fchl von Gelassenheit und unterst\u00fctzt das nat\u00fcrliche Wohlbefinden mit der Kraft von 100 % nat\u00fcrlichen \u00e4therischen \u00d6len und Pflanzenextrakten. Die Cremedusche ist leicht abzusp\u00fclen und bewahrt durch biologisch abbaubare Rezeptur (gem\u00e4\u00df OECD) die Hautfeuchtigkeit . Milde [&hellip;]<\/p>\n","protected":false},"featured_media":0,"template":"","meta":{"_acf_changed":false},"product_brand":[554],"product_cat":[368],"product_tag":[],"class_list":{"0":"post-80150","1":"product","2":"type-product","3":"status-publish","5":"product_brand-weleda","6":"product_cat-w","7":"pa_packungsgroesse-200ml","9":"first","10":"instock","11":"shipping-taxable","12":"purchasable","13":"product-type-simple"},"acf":[],"_links":{"self":[{"href":"https:\/\/www.hirtenberg-apotheke.at\/katalog\/wp-json\/wp\/v2\/product\/80150","targetHints":{"allow":["GET"]}}],"collection":[{"href":"https:\/\/www.hirtenberg-apotheke.at\/katalog\/wp-json\/wp\/v2\/product"}],"about":[{"href":"https:\/\/www.hirtenberg-apotheke.at\/katalog\/wp-json\/wp\/v2\/types\/product"}],"wp:attachment":[{"href":"https:\/\/www.hirtenberg-apotheke.at\/katalog\/wp-json\/wp\/v2\/media?parent=80150"}],"wp:term":[{"taxonomy":"product_brand","embeddable":true,"href":"https:\/\/www.hirtenberg-apotheke.at\/katalog\/wp-json\/wp\/v2\/product_brand?post=80150"},{"taxonomy":"product_cat","embeddable":true,"href":"https:\/\/www.hirtenberg-apotheke.at\/katalog\/wp-json\/wp\/v2\/product_cat?post=80150"},{"taxonomy":"product_tag","embeddable":true,"href":"https:\/\/www.hirtenberg-apotheke.at\/katalog\/wp-json\/wp\/v2\/product_tag?post=80150"}],"curies":[{"name":"wp","href":"https:\/\/api.w.org\/{rel}","templated":true}]}}