{"id":80465,"date":"2025-11-28T10:14:13","date_gmt":"2025-11-28T09:14:13","guid":{"rendered":"https:\/\/www.hirtenberg-apotheke.at\/katalog\/produkt\/caudalie-vinoperfect-nachtcreme\/"},"modified":"2025-11-28T10:14:22","modified_gmt":"2025-11-28T09:14:22","slug":"caudalie-vinoperfect-nachtcreme","status":"publish","type":"product","link":"https:\/\/www.hirtenberg-apotheke.at\/katalog\/produkt\/caudalie-vinoperfect-nachtcreme\/","title":{"rendered":"Caudalie Vinoperfect Nachtcreme"},"content":{"rendered":"<p><strong>Anti-Pigmentflecken Glykol-Nachtcreme<\/strong><\/p>\n<p>Die Anti-Pigmentflecken Glykol-Nachtcreme korrigiert Pigmentflecken und wirkt \u00fcber Nacht als sanftes Peeling, um die Haut am Morgen frisch und strahlend wirken zu lassen. Nacht f\u00fcr Nacht werden dunkle Flecken sichtbar reduziert, das Hautbild gegl\u00e4ttet und der Teint wirkt ebenm\u00e4\u00dfiger.<\/p>\n<p><strong>Hauttyp\u00a0:<\/strong> Alle Hauttypen<\/p>\n<p><strong>Brauche\u00a0:<\/strong> Pigmentst\u00f6rung<\/p>\n<p><strong>Hauptinhaltsstoffe\u00a0:<\/strong> Papaya Enzyme, Viniferine, Glykols\u00e4ure<\/p>\n<p><strong>Textur\u00a0:<\/strong> Creme<\/p>\n<p><strong>Verwendung\u00a0:<\/strong> Nacht<\/p>\n<p><strong>Rezeptur:<\/strong><\/p>\n<ul>\n<li>95 % Inhaltsstoffe nat\u00fcrlichen Ursprungs<\/li>\n<li>Dermatologisch getestet<\/li>\n<li>Nicht komedogen<\/li>\n<li>\u00d6lfrei<\/li>\n<li>Yuka-Bewertung: Gut<\/li>\n<\/ul>\n<p><strong>Sichtbare Resultate<\/strong><\/p>\n<ul>\n<li>90% der Frauen stellten fest, dass ihre Flecken korrigiert wurden*<\/li>\n<\/ul>\n<p>*Klinische Studie, Selbsteinsch\u00e4tzung, 21 Frauen, 56 Tage.<\/p>\n<p><\/p>\n","protected":false},"excerpt":{"rendered":"<p>Anti-Pigmentflecken Glykol-Nachtcreme Die Anti-Pigmentflecken Glykol-Nachtcreme korrigiert Pigmentflecken und wirkt \u00fcber Nacht als sanftes Peeling, um die Haut am Morgen frisch und strahlend wirken zu lassen. Nacht f\u00fcr Nacht werden dunkle Flecken sichtbar reduziert, das Hautbild gegl\u00e4ttet und der Teint wirkt ebenm\u00e4\u00dfiger. Hauttyp\u00a0: Alle Hauttypen Brauche\u00a0: Pigmentst\u00f6rung Hauptinhaltsstoffe\u00a0: Papaya Enzyme, Viniferine, Glykols\u00e4ure Textur\u00a0: Creme Verwendung\u00a0: Nacht [&hellip;]<\/p>\n","protected":false},"featured_media":80467,"template":"","meta":{"_acf_changed":false},"product_brand":[703],"product_cat":[337],"product_tag":[],"class_list":{"0":"post-80465","1":"product","2":"type-product","3":"status-publish","4":"has-post-thumbnail","6":"product_brand-caudalie","7":"product_cat-c","8":"pa_packungsgroesse-50ml","10":"first","11":"instock","12":"shipping-taxable","13":"purchasable","14":"product-type-simple"},"acf":[],"_links":{"self":[{"href":"https:\/\/www.hirtenberg-apotheke.at\/katalog\/wp-json\/wp\/v2\/product\/80465","targetHints":{"allow":["GET"]}}],"collection":[{"href":"https:\/\/www.hirtenberg-apotheke.at\/katalog\/wp-json\/wp\/v2\/product"}],"about":[{"href":"https:\/\/www.hirtenberg-apotheke.at\/katalog\/wp-json\/wp\/v2\/types\/product"}],"wp:featuredmedia":[{"embeddable":true,"href":"https:\/\/www.hirtenberg-apotheke.at\/katalog\/wp-json\/wp\/v2\/media\/80467"}],"wp:attachment":[{"href":"https:\/\/www.hirtenberg-apotheke.at\/katalog\/wp-json\/wp\/v2\/media?parent=80465"}],"wp:term":[{"taxonomy":"product_brand","embeddable":true,"href":"https:\/\/www.hirtenberg-apotheke.at\/katalog\/wp-json\/wp\/v2\/product_brand?post=80465"},{"taxonomy":"product_cat","embeddable":true,"href":"https:\/\/www.hirtenberg-apotheke.at\/katalog\/wp-json\/wp\/v2\/product_cat?post=80465"},{"taxonomy":"product_tag","embeddable":true,"href":"https:\/\/www.hirtenberg-apotheke.at\/katalog\/wp-json\/wp\/v2\/product_tag?post=80465"}],"curies":[{"name":"wp","href":"https:\/\/api.w.org\/{rel}","templated":true}]}}