{"id":80471,"date":"2025-11-28T10:14:13","date_gmt":"2025-11-28T09:14:13","guid":{"rendered":"https:\/\/www.hirtenberg-apotheke.at\/katalog\/produkt\/caudalie-vinoperfect-essenz-gegen-pigmentflecken\/"},"modified":"2025-11-28T10:14:29","modified_gmt":"2025-11-28T09:14:29","slug":"caudalie-vinoperfect-essenz-gegen-pigmentflecken","status":"publish","type":"product","link":"https:\/\/www.hirtenberg-apotheke.at\/katalog\/produkt\/caudalie-vinoperfect-essenz-gegen-pigmentflecken\/","title":{"rendered":"Caudalie Vinoperfect Essenz gegen Pigmentflecken"},"content":{"rendered":"<p>Essenz mit Glykols\u00e4ure fu\u0308r mehr Ausstrahlung\u00a0<\/p>\n<p>Die Essenz mit Glykols\u00e4ure fu\u0308r mehr Ausstrahlung ist der erste Schritt in der Pflegeroutine gegen Pigmentflecken von Vinoperfect und richtet sich an alle Frauen, die Pigmentflecken unabh\u00e4ngig von ihrer Art (verursacht durch Sonne, Akne, Alter, Schwangerschaft) vorbeugen oder mildern m\u00f6chten.<\/p>\n<p><\/p>\n<p>Die Essenz ist sowohl effektiv als auch \u00e4u\u00dferst hautschonend. Sie beseitigt abgestorbene Zellen, die f\u00fcr einen fahlen Teint verantwortlich sind und belebt die nat\u00fcrliche Ausstrahlung der Haut. Die w\u00e4ssrige Textur zwischen Serum und Lotion zieht sofort ein und bereitet die Haut auf die Wirkung des Vinoperfect Serums vor. Ihr zarter und nat\u00fcrlicher Duft nach Orangenbl\u00fcten sorgt f\u00fcr ein sofortiges Gef\u00fchl von Frische.<\/p>\n<p>Als erster Schritt Ihrer Pflegeroutine verdoppelt die Essenz die Wirksamkeit des Serums auf die Ausstrahlung der Haut.<\/p>\n<p><strong>Hauttyp\u00a0:<\/strong> Alle Hauttypen<\/p>\n<p><strong>Brauche\u00a0:<\/strong> Frischer Teint<\/p>\n<p><strong>Hauptinhaltsstoffe\u00a0:<\/strong> Wei\u00dfe Pfingstrose, Biologisches Traubenwasser, Glykols\u00e4ure<\/p>\n<p><strong>Textur\u00a0:<\/strong> Essenz<\/p>\n<p><strong>Verwendung\u00a0:<\/strong> Tag und Nacht<\/p>\n<p><strong>Rezeptur:<\/strong><\/p>\n<ul>\n<li>wie alle Caudalie Produkte, ohne Parabene, Phenoxyethanol, Phthalate, Mineral\u00f6le, PEG, Inhaltsstoffe tierischen Ursprungs.<\/li>\n<\/ul>\n<p><strong>Sichtbare Resultate<\/strong><\/p>\n<ul>\n<li>Sorgt f\u00fcr einen strahlenden und ebenm\u00e4\u00dfigen Teint<\/li>\n<li>Verfeinert das Hautbild<\/li>\n<li>Spendet Feuchtigkeit 100 % der Frauen stellen fest, dass ihre Hautstruktur verfeinert erscheint*<\/li>\n<\/ul>\n<p>*Klinische Studie, % Zufriedenheit, 56 Tage, 31 freiwillige Personen.<\/p>\n","protected":false},"excerpt":{"rendered":"<p>Essenz mit Glykols\u00e4ure fu\u0308r mehr Ausstrahlung\u00a0 Die Essenz mit Glykols\u00e4ure fu\u0308r mehr Ausstrahlung ist der erste Schritt in der Pflegeroutine gegen Pigmentflecken von Vinoperfect und richtet sich an alle Frauen, die Pigmentflecken unabh\u00e4ngig von ihrer Art (verursacht durch Sonne, Akne, Alter, Schwangerschaft) vorbeugen oder mildern m\u00f6chten. Die Essenz ist sowohl effektiv als auch \u00e4u\u00dferst hautschonend. [&hellip;]<\/p>\n","protected":false},"featured_media":80473,"template":"","meta":{"_acf_changed":false},"product_brand":[703],"product_cat":[337],"product_tag":[],"class_list":{"0":"post-80471","1":"product","2":"type-product","3":"status-publish","4":"has-post-thumbnail","6":"product_brand-caudalie","7":"product_cat-c","8":"pa_packungsgroesse-150ml","10":"first","11":"instock","12":"shipping-taxable","13":"purchasable","14":"product-type-simple"},"acf":[],"_links":{"self":[{"href":"https:\/\/www.hirtenberg-apotheke.at\/katalog\/wp-json\/wp\/v2\/product\/80471","targetHints":{"allow":["GET"]}}],"collection":[{"href":"https:\/\/www.hirtenberg-apotheke.at\/katalog\/wp-json\/wp\/v2\/product"}],"about":[{"href":"https:\/\/www.hirtenberg-apotheke.at\/katalog\/wp-json\/wp\/v2\/types\/product"}],"wp:featuredmedia":[{"embeddable":true,"href":"https:\/\/www.hirtenberg-apotheke.at\/katalog\/wp-json\/wp\/v2\/media\/80473"}],"wp:attachment":[{"href":"https:\/\/www.hirtenberg-apotheke.at\/katalog\/wp-json\/wp\/v2\/media?parent=80471"}],"wp:term":[{"taxonomy":"product_brand","embeddable":true,"href":"https:\/\/www.hirtenberg-apotheke.at\/katalog\/wp-json\/wp\/v2\/product_brand?post=80471"},{"taxonomy":"product_cat","embeddable":true,"href":"https:\/\/www.hirtenberg-apotheke.at\/katalog\/wp-json\/wp\/v2\/product_cat?post=80471"},{"taxonomy":"product_tag","embeddable":true,"href":"https:\/\/www.hirtenberg-apotheke.at\/katalog\/wp-json\/wp\/v2\/product_tag?post=80471"}],"curies":[{"name":"wp","href":"https:\/\/api.w.org\/{rel}","templated":true}]}}