{"id":80474,"date":"2025-11-28T10:14:28","date_gmt":"2025-11-28T09:14:28","guid":{"rendered":"https:\/\/www.hirtenberg-apotheke.at\/katalog\/produkt\/caudalie-vinoperfect-handcreme-gegen-pigmentstoerungen-50ml\/"},"modified":"2025-11-28T10:14:32","modified_gmt":"2025-11-28T09:14:32","slug":"caudalie-vinoperfect-handcreme-gegen-pigmentstoerungen-50ml","status":"publish","type":"product","link":"https:\/\/www.hirtenberg-apotheke.at\/katalog\/produkt\/caudalie-vinoperfect-handcreme-gegen-pigmentstoerungen-50ml\/","title":{"rendered":"Caudalie Vinoperfect Handcreme gegen Pigmentst\u00f6rungen 50ml"},"content":{"rendered":"<p>Handcreme gegen Pigmentst\u00f6rungen\u00a0<\/p>\n<p>Die speziell f\u00fcr die H\u00e4nde entwickelte Vinoperfect Handcreme gegen Pigmentst\u00f6rungen mildert sichtbar braune Flecken, beugt dem Auftreten von Flecken vor und pflegt die H\u00e4nde, ohne einen fettigen Film zu hinterlassen. Ihre cremige, feine und geschmeidige Textur umh\u00fcllt die Haut mit absolutem Komfort.<\/p>\n<p><strong>Hauttyp\u00a0:<\/strong> Hand<\/p>\n<p><strong>Brauche\u00a0:<\/strong> Pigmentst\u00f6rung<\/p>\n<p><strong>Hauptinhaltsstoffe\u00a0:<\/strong> Wei\u00dfe Pfingstrose, Avocado\u00f6l, Viniferine<\/p>\n<p><strong>Textur\u00a0:<\/strong> Creme<\/p>\n<p><strong>Verwendung\u00a0:<\/strong> Tag und Nacht<\/p>\n<p><strong>Rezeptur:<\/strong><\/p>\n<ul>\n<li>98 % Inhaltsstoffe nat\u00fcrlichen Ursprungs<\/li>\n<li>Dermatologisch getestet<\/li>\n<li>Vegan<\/li>\n<\/ul>\n<p><strong>Sichtbare Resultate<\/strong><\/p>\n<ul>\n<li>92 % der Frauen finden, dass ihre Flecken gemildert wirken*<\/li>\n<\/ul>\n<p>*Klinische Studie, Selbsteinsch\u00e4tzung, 24 Frauen, 56 Tage.<\/p>\n<p><strong>Wussten Sie es?<\/strong>Fr\u00fcher wurde in den franz\u00f6sischen Weinregionen der Saft aus den Weinranken von jungen Frauen dazu verwendet, Pigmentflecken auf Gesicht und H\u00e4nden zu mildern und den Teint aufzuhellen.\u00a0<\/p>\n","protected":false},"excerpt":{"rendered":"<p>Handcreme gegen Pigmentst\u00f6rungen\u00a0 Die speziell f\u00fcr die H\u00e4nde entwickelte Vinoperfect Handcreme gegen Pigmentst\u00f6rungen mildert sichtbar braune Flecken, beugt dem Auftreten von Flecken vor und pflegt die H\u00e4nde, ohne einen fettigen Film zu hinterlassen. Ihre cremige, feine und geschmeidige Textur umh\u00fcllt die Haut mit absolutem Komfort. Hauttyp\u00a0: Hand Brauche\u00a0: Pigmentst\u00f6rung Hauptinhaltsstoffe\u00a0: Wei\u00dfe Pfingstrose, Avocado\u00f6l, Viniferine Textur\u00a0: [&hellip;]<\/p>\n","protected":false},"featured_media":80476,"template":"","meta":{"_acf_changed":false},"product_brand":[703],"product_cat":[337],"product_tag":[],"class_list":{"0":"post-80474","1":"product","2":"type-product","3":"status-publish","4":"has-post-thumbnail","6":"product_brand-caudalie","7":"product_cat-c","8":"pa_packungsgroesse-50ml","10":"first","11":"instock","12":"shipping-taxable","13":"purchasable","14":"product-type-simple"},"acf":[],"_links":{"self":[{"href":"https:\/\/www.hirtenberg-apotheke.at\/katalog\/wp-json\/wp\/v2\/product\/80474","targetHints":{"allow":["GET"]}}],"collection":[{"href":"https:\/\/www.hirtenberg-apotheke.at\/katalog\/wp-json\/wp\/v2\/product"}],"about":[{"href":"https:\/\/www.hirtenberg-apotheke.at\/katalog\/wp-json\/wp\/v2\/types\/product"}],"wp:featuredmedia":[{"embeddable":true,"href":"https:\/\/www.hirtenberg-apotheke.at\/katalog\/wp-json\/wp\/v2\/media\/80476"}],"wp:attachment":[{"href":"https:\/\/www.hirtenberg-apotheke.at\/katalog\/wp-json\/wp\/v2\/media?parent=80474"}],"wp:term":[{"taxonomy":"product_brand","embeddable":true,"href":"https:\/\/www.hirtenberg-apotheke.at\/katalog\/wp-json\/wp\/v2\/product_brand?post=80474"},{"taxonomy":"product_cat","embeddable":true,"href":"https:\/\/www.hirtenberg-apotheke.at\/katalog\/wp-json\/wp\/v2\/product_cat?post=80474"},{"taxonomy":"product_tag","embeddable":true,"href":"https:\/\/www.hirtenberg-apotheke.at\/katalog\/wp-json\/wp\/v2\/product_tag?post=80474"}],"curies":[{"name":"wp","href":"https:\/\/api.w.org\/{rel}","templated":true}]}}