{"id":80483,"date":"2025-11-28T10:14:28","date_gmt":"2025-11-28T09:14:28","guid":{"rendered":"https:\/\/www.hirtenberg-apotheke.at\/katalog\/produkt\/caudalie-weintraubenwasser\/"},"modified":"2025-11-28T10:14:42","modified_gmt":"2025-11-28T09:14:42","slug":"caudalie-weintraubenwasser","status":"publish","type":"product","link":"https:\/\/www.hirtenberg-apotheke.at\/katalog\/produkt\/caudalie-weintraubenwasser\/","title":{"rendered":"Caudalie Weintraubenwasser"},"content":{"rendered":"<p>Das Weintraubenwasser ist speziell f\u00fcr besonders empfindliche Haut geeignet, die es beruhigt und intensiv mit Feuchtigkeit versorgt. Es wirkt antioxidativ und pr\u00e4biotisch, bek\u00e4mpft freie Radikale, die Hautalterung hervorrufen, und wirkt kr\u00e4ftigend und ausgleichend auf das Mikrobiom der Haut, um dieser ein sichtbar ges\u00fcnderes Aussehen zu verleihen.<\/p>\n<p><strong>Hauttyp\u00a0:<\/strong> Alle Hauttypen<\/p>\n<p><strong>Brauche\u00a0:<\/strong> Hydratisierend<\/p>\n<p><strong>Hauptinhaltsstoffe\u00a0:<\/strong> Biologisches Traubenwasser<\/p>\n<p><strong>Textur\u00a0:<\/strong> Spray<\/p>\n<p><strong>Verwendung\u00a0:<\/strong> Tag und Nacht<\/p>\n<p><strong>Rezeptur:<\/strong><\/p>\n<ul>\n<li>100 % Inhaltsstoffe nat\u00fcrlichen Ursprungs<\/li>\n<li>Dermatologisch getestet<\/li>\n<li>Vegan<\/li>\n<li>100% plastic collect<\/li>\n<\/ul>\n<p><strong>Sichtbare Resultate<\/strong><\/p>\n<ul>\n<li>Hautempfindlichkeit: -61%*<\/li>\n<li>+127% Feuchtigkeitsversorgung der Haut**<\/li>\n<li>-56% freie Radikale***<\/li>\n<\/ul>\n<p>*Klinischer Test, Kribbel-Test, Reduzierung der Hautempfindlichkeit, 20 Freiwillige. **Instrumentelle Bewertung. Korneometrie. 12 Freiwillige. ***Test in Vitro, DPPH (Stabilisierte freie Radikale), Abnahme der freien Radikale.<\/p>\n<p><strong>Wussten Sie es?<\/strong>Das Weintraubenwasser besteht aus Regenwasser, das durch die Wurzeln der Weinrebe gefiltert wird, und ist auf Grund dessen mit zahlreichen Mineralstoffen und Oligoelementen angereichert. Es wird aus Bio-Weintrauben gewonnen und enth\u00e4lt Polyphenole mit antioxidativer Wirkung sowie Polysaccharide mit feuchtigkeitsspendenden Eigenschaften.\u00a0<\/p>\n","protected":false},"excerpt":{"rendered":"<p>Das Weintraubenwasser ist speziell f\u00fcr besonders empfindliche Haut geeignet, die es beruhigt und intensiv mit Feuchtigkeit versorgt. Es wirkt antioxidativ und pr\u00e4biotisch, bek\u00e4mpft freie Radikale, die Hautalterung hervorrufen, und wirkt kr\u00e4ftigend und ausgleichend auf das Mikrobiom der Haut, um dieser ein sichtbar ges\u00fcnderes Aussehen zu verleihen. Hauttyp\u00a0: Alle Hauttypen Brauche\u00a0: Hydratisierend Hauptinhaltsstoffe\u00a0: Biologisches Traubenwasser Textur\u00a0: [&hellip;]<\/p>\n","protected":false},"featured_media":80485,"template":"","meta":{"_acf_changed":false},"product_brand":[703],"product_cat":[337],"product_tag":[],"class_list":{"0":"post-80483","1":"product","2":"type-product","3":"status-publish","4":"has-post-thumbnail","6":"product_brand-caudalie","7":"product_cat-c","8":"pa_packungsgroesse-200ml","10":"first","11":"instock","12":"shipping-taxable","13":"purchasable","14":"product-type-simple"},"acf":[],"_links":{"self":[{"href":"https:\/\/www.hirtenberg-apotheke.at\/katalog\/wp-json\/wp\/v2\/product\/80483","targetHints":{"allow":["GET"]}}],"collection":[{"href":"https:\/\/www.hirtenberg-apotheke.at\/katalog\/wp-json\/wp\/v2\/product"}],"about":[{"href":"https:\/\/www.hirtenberg-apotheke.at\/katalog\/wp-json\/wp\/v2\/types\/product"}],"wp:featuredmedia":[{"embeddable":true,"href":"https:\/\/www.hirtenberg-apotheke.at\/katalog\/wp-json\/wp\/v2\/media\/80485"}],"wp:attachment":[{"href":"https:\/\/www.hirtenberg-apotheke.at\/katalog\/wp-json\/wp\/v2\/media?parent=80483"}],"wp:term":[{"taxonomy":"product_brand","embeddable":true,"href":"https:\/\/www.hirtenberg-apotheke.at\/katalog\/wp-json\/wp\/v2\/product_brand?post=80483"},{"taxonomy":"product_cat","embeddable":true,"href":"https:\/\/www.hirtenberg-apotheke.at\/katalog\/wp-json\/wp\/v2\/product_cat?post=80483"},{"taxonomy":"product_tag","embeddable":true,"href":"https:\/\/www.hirtenberg-apotheke.at\/katalog\/wp-json\/wp\/v2\/product_tag?post=80483"}],"curies":[{"name":"wp","href":"https:\/\/api.w.org\/{rel}","templated":true}]}}