{"id":80543,"date":"2025-11-28T10:16:19","date_gmt":"2025-11-28T09:16:19","guid":{"rendered":"https:\/\/www.hirtenberg-apotheke.at\/katalog\/produkt\/burgerstein-vitamin-b12-boost-tabletten-100-stk\/"},"modified":"2025-11-28T10:16:41","modified_gmt":"2025-11-28T09:16:41","slug":"burgerstein-vitamin-b12-boost-tabletten-100-stk","status":"publish","type":"product","link":"https:\/\/www.hirtenberg-apotheke.at\/katalog\/produkt\/burgerstein-vitamin-b12-boost-tabletten-100-stk\/","title":{"rendered":"Burgerstein Vitamin B12 Boost Tabletten 100 Stk."},"content":{"rendered":"<p>Burgerstein Vitamin B12 Boost tr\u00e4gt zu einer normalen Funktion des Nervensystems sowie zur Verringerung von M\u00fcdigkeit bei. Es ist hochdosiert und sinnvoll bei gro\u00dfer geistiger und k\u00f6rperlicher Belastung sowie einer veganen Lebensweise, da Vitamin B12 vor allem in tierischen Lebensmitteln vorkommt.<\/p>\n","protected":false},"excerpt":{"rendered":"<p>Burgerstein Vitamin B12 Boost tr\u00e4gt zu einer normalen Funktion des Nervensystems sowie zur Verringerung von M\u00fcdigkeit bei. Es ist hochdosiert und sinnvoll bei gro\u00dfer geistiger und k\u00f6rperlicher Belastung sowie einer veganen Lebensweise, da Vitamin B12 vor allem in tierischen Lebensmitteln vorkommt.<\/p>\n","protected":false},"featured_media":80545,"template":"","meta":{"_acf_changed":false},"product_brand":[422],"product_cat":[292],"product_tag":[],"class_list":{"0":"post-80543","1":"product","2":"type-product","3":"status-publish","4":"has-post-thumbnail","6":"product_brand-burgerstein","7":"product_cat-b","8":"pa_packungsgroesse-100-stueck","10":"first","11":"instock","12":"shipping-taxable","13":"purchasable","14":"product-type-simple"},"acf":[],"_links":{"self":[{"href":"https:\/\/www.hirtenberg-apotheke.at\/katalog\/wp-json\/wp\/v2\/product\/80543","targetHints":{"allow":["GET"]}}],"collection":[{"href":"https:\/\/www.hirtenberg-apotheke.at\/katalog\/wp-json\/wp\/v2\/product"}],"about":[{"href":"https:\/\/www.hirtenberg-apotheke.at\/katalog\/wp-json\/wp\/v2\/types\/product"}],"wp:featuredmedia":[{"embeddable":true,"href":"https:\/\/www.hirtenberg-apotheke.at\/katalog\/wp-json\/wp\/v2\/media\/80545"}],"wp:attachment":[{"href":"https:\/\/www.hirtenberg-apotheke.at\/katalog\/wp-json\/wp\/v2\/media?parent=80543"}],"wp:term":[{"taxonomy":"product_brand","embeddable":true,"href":"https:\/\/www.hirtenberg-apotheke.at\/katalog\/wp-json\/wp\/v2\/product_brand?post=80543"},{"taxonomy":"product_cat","embeddable":true,"href":"https:\/\/www.hirtenberg-apotheke.at\/katalog\/wp-json\/wp\/v2\/product_cat?post=80543"},{"taxonomy":"product_tag","embeddable":true,"href":"https:\/\/www.hirtenberg-apotheke.at\/katalog\/wp-json\/wp\/v2\/product_tag?post=80543"}],"curies":[{"name":"wp","href":"https:\/\/api.w.org\/{rel}","templated":true}]}}