{"id":80927,"date":"2025-11-28T10:27:21","date_gmt":"2025-11-28T09:27:21","guid":{"rendered":"https:\/\/www.hirtenberg-apotheke.at\/katalog\/produkt\/dr-schreibers-haut-haar-nagel-forte-kapseln-90-stueck\/"},"modified":"2025-11-28T10:27:47","modified_gmt":"2025-11-28T09:27:47","slug":"dr-schreibers-haut-haar-nagel-forte-kapseln-90-stueck","status":"publish","type":"product","link":"https:\/\/www.hirtenberg-apotheke.at\/katalog\/produkt\/dr-schreibers-haut-haar-nagel-forte-kapseln-90-stueck\/","title":{"rendered":"Dr. Schreibers HAUT HAAR NAGEL Forte Kapseln 90 St\u00fcck"},"content":{"rendered":"<p>Dr. Schreibers\u00aeHaut Haare N\u00e4gel forte Kapseln sind ein Nahrungserg\u00e4nzungsmittel und bieten nat\u00fcrliche Unterst\u00fctzung zum Erhalt gesunder Haut, Haare und N\u00e4gel &#8211; mit hohem Rabatt bestellen!<\/p>\n","protected":false},"excerpt":{"rendered":"<p>Dr. Schreibers\u00aeHaut Haare N\u00e4gel forte Kapseln sind ein Nahrungserg\u00e4nzungsmittel und bieten nat\u00fcrliche Unterst\u00fctzung zum Erhalt gesunder Haut, Haare und N\u00e4gel &#8211; mit hohem Rabatt bestellen!<\/p>\n","protected":false},"featured_media":80929,"template":"","meta":{"_acf_changed":false},"product_brand":[338],"product_cat":[295],"product_tag":[],"class_list":{"0":"post-80927","1":"product","2":"type-product","3":"status-publish","4":"has-post-thumbnail","6":"product_brand-dr-schreibers","7":"product_cat-d","8":"pa_packungsgroesse-90-stueck","10":"first","11":"instock","12":"shipping-taxable","13":"purchasable","14":"product-type-simple"},"acf":[],"_links":{"self":[{"href":"https:\/\/www.hirtenberg-apotheke.at\/katalog\/wp-json\/wp\/v2\/product\/80927","targetHints":{"allow":["GET"]}}],"collection":[{"href":"https:\/\/www.hirtenberg-apotheke.at\/katalog\/wp-json\/wp\/v2\/product"}],"about":[{"href":"https:\/\/www.hirtenberg-apotheke.at\/katalog\/wp-json\/wp\/v2\/types\/product"}],"wp:featuredmedia":[{"embeddable":true,"href":"https:\/\/www.hirtenberg-apotheke.at\/katalog\/wp-json\/wp\/v2\/media\/80929"}],"wp:attachment":[{"href":"https:\/\/www.hirtenberg-apotheke.at\/katalog\/wp-json\/wp\/v2\/media?parent=80927"}],"wp:term":[{"taxonomy":"product_brand","embeddable":true,"href":"https:\/\/www.hirtenberg-apotheke.at\/katalog\/wp-json\/wp\/v2\/product_brand?post=80927"},{"taxonomy":"product_cat","embeddable":true,"href":"https:\/\/www.hirtenberg-apotheke.at\/katalog\/wp-json\/wp\/v2\/product_cat?post=80927"},{"taxonomy":"product_tag","embeddable":true,"href":"https:\/\/www.hirtenberg-apotheke.at\/katalog\/wp-json\/wp\/v2\/product_tag?post=80927"}],"curies":[{"name":"wp","href":"https:\/\/api.w.org\/{rel}","templated":true}]}}