{"id":80930,"date":"2025-11-28T10:27:21","date_gmt":"2025-11-28T09:27:21","guid":{"rendered":"https:\/\/www.hirtenberg-apotheke.at\/katalog\/produkt\/pelcare-lipo-milch-250-ml\/"},"modified":"2025-11-28T10:27:52","modified_gmt":"2025-11-28T09:27:52","slug":"pelcare-lipo-milch-250-ml","status":"publish","type":"product","link":"https:\/\/www.hirtenberg-apotheke.at\/katalog\/produkt\/pelcare-lipo-milch-250-ml\/","title":{"rendered":"PelCare Lipo-Milch 250 ml"},"content":{"rendered":"<p>PelCare Lipo-Milch 250 ml speziell f\u00fcr den K\u00f6rper ist ideal f\u00fcr sehr trockene, empfindliche Haut und sorgt f\u00fcr ein angenehmes Gef\u00fchl gleich nach dem Auftragen. Die Inhaltsstoffe Urea (Harnstoff), Laktat und Glycerin versorgen die Haut mit Feuchtigkeit. Ceramide bilden eine nat\u00fcrliche Schutzbarriere, die dem Feuchtigkeitsverlust vorbeugt. Cetearyl Ethylhexanoat und Triglyceride wirken ausgleichend auf den Lipidhaushalt. Obwohl das Produkt reich an Lipiden ist, hat es eine feine Textur und pflegt mit einem guten Hautgef\u00fchl.Die Wasser-in-\u00d6l Emulsion enth\u00e4lt nur wenige und gut vertr\u00e4gliche Inhaltsstoffe zur Hydration der sehr trockenen Haut und zur Linderung von Spannungsgef\u00fchlen.PelCare Lipo-Milch ist frei von Duftstoffen, Alkoholen, PEGs, Lanolin, Farbstoffen, Silikonen, und anderen Substanzen, die f\u00fcr ihr\u00a0 hautirritierendes Potential bekannt sind. PelCare Lipo-MIlch enth\u00e4lt keine Inhaltsstoffe tierischen Ursprungs.<\/p>\n","protected":false},"excerpt":{"rendered":"<p>PelCare Lipo-Milch 250 ml speziell f\u00fcr den K\u00f6rper ist ideal f\u00fcr sehr trockene, empfindliche Haut und sorgt f\u00fcr ein angenehmes Gef\u00fchl gleich nach dem Auftragen. Die Inhaltsstoffe Urea (Harnstoff), Laktat und Glycerin versorgen die Haut mit Feuchtigkeit. Ceramide bilden eine nat\u00fcrliche Schutzbarriere, die dem Feuchtigkeitsverlust vorbeugt. Cetearyl Ethylhexanoat und Triglyceride wirken ausgleichend auf den Lipidhaushalt. [&hellip;]<\/p>\n","protected":false},"featured_media":0,"template":"","meta":{"_acf_changed":false},"product_brand":[],"product_cat":[302],"product_tag":[],"class_list":{"0":"post-80930","1":"product","2":"type-product","3":"status-publish","5":"product_cat-p","6":"pa_packungsgroesse-250ml","8":"first","9":"instock","10":"shipping-taxable","11":"purchasable","12":"product-type-simple"},"acf":[],"_links":{"self":[{"href":"https:\/\/www.hirtenberg-apotheke.at\/katalog\/wp-json\/wp\/v2\/product\/80930","targetHints":{"allow":["GET"]}}],"collection":[{"href":"https:\/\/www.hirtenberg-apotheke.at\/katalog\/wp-json\/wp\/v2\/product"}],"about":[{"href":"https:\/\/www.hirtenberg-apotheke.at\/katalog\/wp-json\/wp\/v2\/types\/product"}],"wp:attachment":[{"href":"https:\/\/www.hirtenberg-apotheke.at\/katalog\/wp-json\/wp\/v2\/media?parent=80930"}],"wp:term":[{"taxonomy":"product_brand","embeddable":true,"href":"https:\/\/www.hirtenberg-apotheke.at\/katalog\/wp-json\/wp\/v2\/product_brand?post=80930"},{"taxonomy":"product_cat","embeddable":true,"href":"https:\/\/www.hirtenberg-apotheke.at\/katalog\/wp-json\/wp\/v2\/product_cat?post=80930"},{"taxonomy":"product_tag","embeddable":true,"href":"https:\/\/www.hirtenberg-apotheke.at\/katalog\/wp-json\/wp\/v2\/product_tag?post=80930"}],"curies":[{"name":"wp","href":"https:\/\/api.w.org\/{rel}","templated":true}]}}