{"id":81271,"date":"2025-11-28T10:36:10","date_gmt":"2025-11-28T09:36:10","guid":{"rendered":"https:\/\/www.hirtenberg-apotheke.at\/katalog\/produkt\/curaprox-zahnbuerste-cs-5460-ortho-1-stk\/"},"modified":"2025-11-28T10:36:48","modified_gmt":"2025-11-28T09:36:48","slug":"curaprox-zahnbuerste-cs-5460-ortho-1-stk","status":"publish","type":"product","link":"https:\/\/www.hirtenberg-apotheke.at\/katalog\/produkt\/curaprox-zahnbuerste-cs-5460-ortho-1-stk\/","title":{"rendered":"Curaprox Zahnb\u00fcrste CS 5460 Ortho 1 Stk."},"content":{"rendered":"<p>Curaprox Zahnb\u00fcrste CS 5460 Ortho hat den bracket groove, den Spezialschnitt f\u00fcr Zahnspangen. Die 5460 Curen-Filamente reinigen Brackets, Z\u00e4hne und Zahnfleisch sanft und schonend.<\/p>\n","protected":false},"excerpt":{"rendered":"<p>Curaprox Zahnb\u00fcrste CS 5460 Ortho hat den bracket groove, den Spezialschnitt f\u00fcr Zahnspangen. Die 5460 Curen-Filamente reinigen Brackets, Z\u00e4hne und Zahnfleisch sanft und schonend.<\/p>\n","protected":false},"featured_media":81273,"template":"","meta":{"_acf_changed":false},"product_brand":[877],"product_cat":[337],"product_tag":[],"class_list":{"0":"post-81271","1":"product","2":"type-product","3":"status-publish","4":"has-post-thumbnail","6":"product_brand-curaprox","7":"product_cat-c","8":"pa_packungsgroesse-1-stueck","10":"first","11":"instock","12":"shipping-taxable","13":"purchasable","14":"product-type-simple"},"acf":[],"_links":{"self":[{"href":"https:\/\/www.hirtenberg-apotheke.at\/katalog\/wp-json\/wp\/v2\/product\/81271","targetHints":{"allow":["GET"]}}],"collection":[{"href":"https:\/\/www.hirtenberg-apotheke.at\/katalog\/wp-json\/wp\/v2\/product"}],"about":[{"href":"https:\/\/www.hirtenberg-apotheke.at\/katalog\/wp-json\/wp\/v2\/types\/product"}],"wp:featuredmedia":[{"embeddable":true,"href":"https:\/\/www.hirtenberg-apotheke.at\/katalog\/wp-json\/wp\/v2\/media\/81273"}],"wp:attachment":[{"href":"https:\/\/www.hirtenberg-apotheke.at\/katalog\/wp-json\/wp\/v2\/media?parent=81271"}],"wp:term":[{"taxonomy":"product_brand","embeddable":true,"href":"https:\/\/www.hirtenberg-apotheke.at\/katalog\/wp-json\/wp\/v2\/product_brand?post=81271"},{"taxonomy":"product_cat","embeddable":true,"href":"https:\/\/www.hirtenberg-apotheke.at\/katalog\/wp-json\/wp\/v2\/product_cat?post=81271"},{"taxonomy":"product_tag","embeddable":true,"href":"https:\/\/www.hirtenberg-apotheke.at\/katalog\/wp-json\/wp\/v2\/product_tag?post=81271"}],"curies":[{"name":"wp","href":"https:\/\/api.w.org\/{rel}","templated":true}]}}