{"id":81643,"date":"2025-11-28T10:42:34","date_gmt":"2025-11-28T09:42:34","guid":{"rendered":"https:\/\/www.hirtenberg-apotheke.at\/katalog\/produkt\/parakito-antimuecken-band-4-kids-hand-und-fussgelenk-1-groesse\/"},"modified":"2025-11-28T10:43:26","modified_gmt":"2025-11-28T09:43:26","slug":"parakito-antimuecken-band-4-kids-hand-und-fussgelenk-1-groesse","status":"publish","type":"product","link":"https:\/\/www.hirtenberg-apotheke.at\/katalog\/produkt\/parakito-antimuecken-band-4-kids-hand-und-fussgelenk-1-groesse\/","title":{"rendered":"Para&#8217;Kito Antim\u00fccken-Band 4 Kids Hand- und Fu\u00dfgelenk 1 Gr\u00f6\u00dfe"},"content":{"rendered":"","protected":false},"excerpt":{"rendered":"","protected":false},"featured_media":81645,"template":"","meta":{"_acf_changed":false},"product_brand":[683],"product_cat":[302],"product_tag":[],"class_list":{"0":"post-81643","1":"product","2":"type-product","3":"status-publish","4":"has-post-thumbnail","6":"product_brand-parakito","7":"product_cat-p","8":"pa_packungsgroesse-1-stueck","10":"first","11":"instock","12":"shipping-taxable","13":"purchasable","14":"product-type-simple"},"acf":[],"_links":{"self":[{"href":"https:\/\/www.hirtenberg-apotheke.at\/katalog\/wp-json\/wp\/v2\/product\/81643","targetHints":{"allow":["GET"]}}],"collection":[{"href":"https:\/\/www.hirtenberg-apotheke.at\/katalog\/wp-json\/wp\/v2\/product"}],"about":[{"href":"https:\/\/www.hirtenberg-apotheke.at\/katalog\/wp-json\/wp\/v2\/types\/product"}],"wp:featuredmedia":[{"embeddable":true,"href":"https:\/\/www.hirtenberg-apotheke.at\/katalog\/wp-json\/wp\/v2\/media\/81645"}],"wp:attachment":[{"href":"https:\/\/www.hirtenberg-apotheke.at\/katalog\/wp-json\/wp\/v2\/media?parent=81643"}],"wp:term":[{"taxonomy":"product_brand","embeddable":true,"href":"https:\/\/www.hirtenberg-apotheke.at\/katalog\/wp-json\/wp\/v2\/product_brand?post=81643"},{"taxonomy":"product_cat","embeddable":true,"href":"https:\/\/www.hirtenberg-apotheke.at\/katalog\/wp-json\/wp\/v2\/product_cat?post=81643"},{"taxonomy":"product_tag","embeddable":true,"href":"https:\/\/www.hirtenberg-apotheke.at\/katalog\/wp-json\/wp\/v2\/product_tag?post=81643"}],"curies":[{"name":"wp","href":"https:\/\/api.w.org\/{rel}","templated":true}]}}