{"id":81702,"date":"2025-11-28T10:46:09","date_gmt":"2025-11-28T09:46:09","guid":{"rendered":"https:\/\/www.hirtenberg-apotheke.at\/katalog\/produkt\/vichy-neovadiol-meno-5-bi-serum-gesichtspflege-mit-vitamin-c-30-ml\/"},"modified":"2025-11-28T10:46:21","modified_gmt":"2025-11-28T09:46:21","slug":"vichy-neovadiol-meno-5-bi-serum-gesichtspflege-mit-vitamin-c-30-ml","status":"publish","type":"product","link":"https:\/\/www.hirtenberg-apotheke.at\/katalog\/produkt\/vichy-neovadiol-meno-5-bi-serum-gesichtspflege-mit-vitamin-c-30-ml\/","title":{"rendered":"VICHY Neovadiol Meno 5 BI-Serum, Gesichtspflege mit Vitamin C 30 ml"},"content":{"rendered":"<p>Vichy Neovadiol Meno 5 BI-Serum, Gesichtspflege mit Vitamin C 30 ml mildert sichtbare Anzeichen der Wechseljahre auf der Haut. Mit 5-fach-Wirkung: Redefiniert Konturen. Gl\u00e4ttet Falten. F\u00f6rdert die Ebenm\u00e4\u00dfigkeit. Erfrischt die Ausstrahlung. Gleicht den Lipidverlust aus. .<\/p>\n","protected":false},"excerpt":{"rendered":"<p>Vichy Neovadiol Meno 5 BI-Serum, Gesichtspflege mit Vitamin C 30 ml mildert sichtbare Anzeichen der Wechseljahre auf der Haut. Mit 5-fach-Wirkung: Redefiniert Konturen. Gl\u00e4ttet Falten. F\u00f6rdert die Ebenm\u00e4\u00dfigkeit. Erfrischt die Ausstrahlung. Gleicht den Lipidverlust aus. .<\/p>\n","protected":false},"featured_media":0,"template":"","meta":{"_acf_changed":false},"product_brand":[691],"product_cat":[300],"product_tag":[],"class_list":{"0":"post-81702","1":"product","2":"type-product","3":"status-publish","5":"product_brand-vichy","6":"product_cat-v","7":"pa_packungsgroesse-30ml","9":"first","10":"instock","11":"shipping-taxable","12":"purchasable","13":"product-type-simple"},"acf":[],"_links":{"self":[{"href":"https:\/\/www.hirtenberg-apotheke.at\/katalog\/wp-json\/wp\/v2\/product\/81702","targetHints":{"allow":["GET"]}}],"collection":[{"href":"https:\/\/www.hirtenberg-apotheke.at\/katalog\/wp-json\/wp\/v2\/product"}],"about":[{"href":"https:\/\/www.hirtenberg-apotheke.at\/katalog\/wp-json\/wp\/v2\/types\/product"}],"wp:attachment":[{"href":"https:\/\/www.hirtenberg-apotheke.at\/katalog\/wp-json\/wp\/v2\/media?parent=81702"}],"wp:term":[{"taxonomy":"product_brand","embeddable":true,"href":"https:\/\/www.hirtenberg-apotheke.at\/katalog\/wp-json\/wp\/v2\/product_brand?post=81702"},{"taxonomy":"product_cat","embeddable":true,"href":"https:\/\/www.hirtenberg-apotheke.at\/katalog\/wp-json\/wp\/v2\/product_cat?post=81702"},{"taxonomy":"product_tag","embeddable":true,"href":"https:\/\/www.hirtenberg-apotheke.at\/katalog\/wp-json\/wp\/v2\/product_tag?post=81702"}],"curies":[{"name":"wp","href":"https:\/\/api.w.org\/{rel}","templated":true}]}}