{"id":8192,"date":"2025-11-25T13:38:27","date_gmt":"2025-11-25T12:38:27","guid":{"rendered":"https:\/\/www.hirtenberg-apotheke.at\/katalog\/produkt\/oleovital-vitamin-d3-k2-mundspray-kirschgeschmack\/"},"modified":"2025-11-25T13:39:09","modified_gmt":"2025-11-25T12:39:09","slug":"oleovital-vitamin-d3-k2-mundspray-kirschgeschmack","status":"publish","type":"product","link":"https:\/\/www.hirtenberg-apotheke.at\/katalog\/produkt\/oleovital-vitamin-d3-k2-mundspray-kirschgeschmack\/","title":{"rendered":"Oleovital Vitamin D3 + K2 Mundspray Kirschgeschmack"},"content":{"rendered":"<p>Oleovital D3 + K2 Spray Kirsche versorgt den K\u00f6rper mit den essentiellen, fettl\u00f6slichen Vitaminen D3 und K2. Vitamin D3 spielt beim Calciumhaushalt, sowie bei der Knochen- und Zahnstabilit\u00e4t eine tragende Rolle. Vitamin K2 sorgt f\u00fcr eine funktionierende Blutgerinnung. Durch die Applikationsform als Spray k\u00f6nnen die Vitamine bereits von der Mundschleimhaut schnell resorbiert werden.<\/p>\n","protected":false},"excerpt":{"rendered":"<p>Oleovital D3 + K2 Spray Kirsche versorgt den K\u00f6rper mit den essentiellen, fettl\u00f6slichen Vitaminen D3 und K2. Vitamin D3 spielt beim Calciumhaushalt, sowie bei der Knochen- und Zahnstabilit\u00e4t eine tragende Rolle. Vitamin K2 sorgt f\u00fcr eine funktionierende Blutgerinnung. Durch die Applikationsform als Spray k\u00f6nnen die Vitamine bereits von der Mundschleimhaut schnell resorbiert werden.<\/p>\n","protected":false},"featured_media":8194,"template":"","meta":{"_acf_changed":false},"product_brand":[],"product_cat":[349],"product_tag":[],"class_list":{"0":"post-8192","1":"product","2":"type-product","3":"status-publish","4":"has-post-thumbnail","6":"product_cat-o","7":"pa_packungsgroesse-20ml","9":"first","10":"instock","11":"shipping-taxable","12":"purchasable","13":"product-type-simple"},"acf":[],"_links":{"self":[{"href":"https:\/\/www.hirtenberg-apotheke.at\/katalog\/wp-json\/wp\/v2\/product\/8192","targetHints":{"allow":["GET"]}}],"collection":[{"href":"https:\/\/www.hirtenberg-apotheke.at\/katalog\/wp-json\/wp\/v2\/product"}],"about":[{"href":"https:\/\/www.hirtenberg-apotheke.at\/katalog\/wp-json\/wp\/v2\/types\/product"}],"wp:featuredmedia":[{"embeddable":true,"href":"https:\/\/www.hirtenberg-apotheke.at\/katalog\/wp-json\/wp\/v2\/media\/8194"}],"wp:attachment":[{"href":"https:\/\/www.hirtenberg-apotheke.at\/katalog\/wp-json\/wp\/v2\/media?parent=8192"}],"wp:term":[{"taxonomy":"product_brand","embeddable":true,"href":"https:\/\/www.hirtenberg-apotheke.at\/katalog\/wp-json\/wp\/v2\/product_brand?post=8192"},{"taxonomy":"product_cat","embeddable":true,"href":"https:\/\/www.hirtenberg-apotheke.at\/katalog\/wp-json\/wp\/v2\/product_cat?post=8192"},{"taxonomy":"product_tag","embeddable":true,"href":"https:\/\/www.hirtenberg-apotheke.at\/katalog\/wp-json\/wp\/v2\/product_tag?post=8192"}],"curies":[{"name":"wp","href":"https:\/\/api.w.org\/{rel}","templated":true}]}}