{"id":82288,"date":"2025-11-28T11:13:09","date_gmt":"2025-11-28T10:13:09","guid":{"rendered":"https:\/\/www.hirtenberg-apotheke.at\/katalog\/produkt\/weleda-skin-food-bodylotion-200ml\/"},"modified":"2025-11-28T11:13:13","modified_gmt":"2025-11-28T10:13:13","slug":"weleda-skin-food-bodylotion-200ml","status":"publish","type":"product","link":"https:\/\/www.hirtenberg-apotheke.at\/katalog\/produkt\/weleda-skin-food-bodylotion-200ml\/","title":{"rendered":"Weleda Skin Food Bodylotion 200ml"},"content":{"rendered":"<p>Weleda Skin Food Bodylotion 200ml steht f\u00fcr intensiv n\u00e4hrende und verw\u00f6hnende Hautpflege. Die feuchtigkeitsspendende K\u00f6rperlotion nutzt die Wirkungskraft von Weleda Skin Food und eignet sich auch f\u00fcr sehr trockene Haut. Diese schnell einziehende Lotion nutzt das Wirkprinzip der Skin Food Hautcreme mit Ausz\u00fcgen aus Stiefm\u00fctterchen, Bio-Calendula, Bio-Kamille und Bio-Sonnenblumen\u00f6l, umh\u00fcllt von einem verw\u00f6hnenden Duft aus Orange, Lavendel und Benzoe. Die Bodylotion aktiviert die nat\u00fcrlichen Regenerationskr\u00e4fte der Haut und zieht leicht ein. Die Haut f\u00fchlt sich geschmeidig, weich und gesund an.<\/p>\n","protected":false},"excerpt":{"rendered":"<p>Weleda Skin Food Bodylotion 200ml steht f\u00fcr intensiv n\u00e4hrende und verw\u00f6hnende Hautpflege. Die feuchtigkeitsspendende K\u00f6rperlotion nutzt die Wirkungskraft von Weleda Skin Food und eignet sich auch f\u00fcr sehr trockene Haut. Diese schnell einziehende Lotion nutzt das Wirkprinzip der Skin Food Hautcreme mit Ausz\u00fcgen aus Stiefm\u00fctterchen, Bio-Calendula, Bio-Kamille und Bio-Sonnenblumen\u00f6l, umh\u00fcllt von einem verw\u00f6hnenden Duft aus [&hellip;]<\/p>\n","protected":false},"featured_media":0,"template":"","meta":{"_acf_changed":false},"product_brand":[554],"product_cat":[368],"product_tag":[],"class_list":{"0":"post-82288","1":"product","2":"type-product","3":"status-publish","5":"product_brand-weleda","6":"product_cat-w","7":"pa_packungsgroesse-200ml","9":"first","10":"instock","11":"shipping-taxable","12":"purchasable","13":"product-type-simple"},"acf":[],"_links":{"self":[{"href":"https:\/\/www.hirtenberg-apotheke.at\/katalog\/wp-json\/wp\/v2\/product\/82288","targetHints":{"allow":["GET"]}}],"collection":[{"href":"https:\/\/www.hirtenberg-apotheke.at\/katalog\/wp-json\/wp\/v2\/product"}],"about":[{"href":"https:\/\/www.hirtenberg-apotheke.at\/katalog\/wp-json\/wp\/v2\/types\/product"}],"wp:attachment":[{"href":"https:\/\/www.hirtenberg-apotheke.at\/katalog\/wp-json\/wp\/v2\/media?parent=82288"}],"wp:term":[{"taxonomy":"product_brand","embeddable":true,"href":"https:\/\/www.hirtenberg-apotheke.at\/katalog\/wp-json\/wp\/v2\/product_brand?post=82288"},{"taxonomy":"product_cat","embeddable":true,"href":"https:\/\/www.hirtenberg-apotheke.at\/katalog\/wp-json\/wp\/v2\/product_cat?post=82288"},{"taxonomy":"product_tag","embeddable":true,"href":"https:\/\/www.hirtenberg-apotheke.at\/katalog\/wp-json\/wp\/v2\/product_tag?post=82288"}],"curies":[{"name":"wp","href":"https:\/\/api.w.org\/{rel}","templated":true}]}}