{"id":82290,"date":"2025-11-28T11:13:09","date_gmt":"2025-11-28T10:13:09","guid":{"rendered":"https:\/\/www.hirtenberg-apotheke.at\/katalog\/produkt\/weleda-sensitiv-pflege-koerperlotion-200-ml\/"},"modified":"2025-11-28T11:13:31","modified_gmt":"2025-11-28T10:13:31","slug":"weleda-sensitiv-pflege-koerperlotion-200-ml","status":"publish","type":"product","link":"https:\/\/www.hirtenberg-apotheke.at\/katalog\/produkt\/weleda-sensitiv-pflege-koerperlotion-200-ml\/","title":{"rendered":"Weleda Sensitiv-Pflege K\u00f6rperlotion 200 ml"},"content":{"rendered":"<p>Die Weleda Sensitiv-Pflege K\u00f6rperlotion pflegt und beruhigt empfindliche Haut sofort. Die Sensitiv-Pflege K\u00f6rperlotion von Weleda ist parf\u00fcmfrei, beruhigt empfindliche, und zu Irritationen neigende Haut und pflegt mit intensiver Feuchtigkeit.Milde, beruhigende Lotion, speziell formuliert, um empfindlicher, zu Irritationen neigender Haut Linderung zu verschaffen und sie mit intensiver Feuchtigkeit zu pflegen. Mit Bio-Kokos- und Bio-Jojoba\u00f6l sch\u00fctzt sie die nat\u00fcrliche Feuchtigkeitsbarriere der Haut, sodass sich empfindliche Haut st\u00e4rker und ges\u00fcnder anf\u00fchlt..<\/p>\n","protected":false},"excerpt":{"rendered":"<p>Die Weleda Sensitiv-Pflege K\u00f6rperlotion pflegt und beruhigt empfindliche Haut sofort. Die Sensitiv-Pflege K\u00f6rperlotion von Weleda ist parf\u00fcmfrei, beruhigt empfindliche, und zu Irritationen neigende Haut und pflegt mit intensiver Feuchtigkeit.Milde, beruhigende Lotion, speziell formuliert, um empfindlicher, zu Irritationen neigender Haut Linderung zu verschaffen und sie mit intensiver Feuchtigkeit zu pflegen. Mit Bio-Kokos- und Bio-Jojoba\u00f6l sch\u00fctzt sie [&hellip;]<\/p>\n","protected":false},"featured_media":82292,"template":"","meta":{"_acf_changed":false},"product_brand":[554],"product_cat":[368],"product_tag":[],"class_list":{"0":"post-82290","1":"product","2":"type-product","3":"status-publish","4":"has-post-thumbnail","6":"product_brand-weleda","7":"product_cat-w","8":"pa_packungsgroesse-200ml","10":"first","11":"instock","12":"shipping-taxable","13":"purchasable","14":"product-type-simple"},"acf":[],"_links":{"self":[{"href":"https:\/\/www.hirtenberg-apotheke.at\/katalog\/wp-json\/wp\/v2\/product\/82290","targetHints":{"allow":["GET"]}}],"collection":[{"href":"https:\/\/www.hirtenberg-apotheke.at\/katalog\/wp-json\/wp\/v2\/product"}],"about":[{"href":"https:\/\/www.hirtenberg-apotheke.at\/katalog\/wp-json\/wp\/v2\/types\/product"}],"wp:featuredmedia":[{"embeddable":true,"href":"https:\/\/www.hirtenberg-apotheke.at\/katalog\/wp-json\/wp\/v2\/media\/82292"}],"wp:attachment":[{"href":"https:\/\/www.hirtenberg-apotheke.at\/katalog\/wp-json\/wp\/v2\/media?parent=82290"}],"wp:term":[{"taxonomy":"product_brand","embeddable":true,"href":"https:\/\/www.hirtenberg-apotheke.at\/katalog\/wp-json\/wp\/v2\/product_brand?post=82290"},{"taxonomy":"product_cat","embeddable":true,"href":"https:\/\/www.hirtenberg-apotheke.at\/katalog\/wp-json\/wp\/v2\/product_cat?post=82290"},{"taxonomy":"product_tag","embeddable":true,"href":"https:\/\/www.hirtenberg-apotheke.at\/katalog\/wp-json\/wp\/v2\/product_tag?post=82290"}],"curies":[{"name":"wp","href":"https:\/\/api.w.org\/{rel}","templated":true}]}}