{"id":8249,"date":"2025-11-25T13:39:16","date_gmt":"2025-11-25T12:39:16","guid":{"rendered":"https:\/\/www.hirtenberg-apotheke.at\/katalog\/produkt\/hafesan-visio-plus-kapseln-mit-lutein-vitaminen\/"},"modified":"2025-11-25T13:39:57","modified_gmt":"2025-11-25T12:39:57","slug":"hafesan-visio-plus-kapseln-mit-lutein-vitaminen","status":"publish","type":"product","link":"https:\/\/www.hirtenberg-apotheke.at\/katalog\/produkt\/hafesan-visio-plus-kapseln-mit-lutein-vitaminen\/","title":{"rendered":"Hafesan VISIO PLUS Kapseln mit Lutein &#038; Vitaminen"},"content":{"rendered":"<p>Hafesan\u00ae Visio Plus Kapseln enthalten die nat\u00fcrlichen Inhaltsstoffe Lutein, Zeaxanthin sowie Beta-Caroti. Diese f\u00fcr die Sehkraft wichtigen Stoffe k\u00f6nnen nicht vom K\u00f6rper hergestellt werden, daher wird eine regelm\u00e4\u00dfige Einnahme dieser Substanzen empfohlen.<\/p>\n","protected":false},"excerpt":{"rendered":"<p>Hafesan\u00ae Visio Plus Kapseln enthalten die nat\u00fcrlichen Inhaltsstoffe Lutein, Zeaxanthin sowie Beta-Caroti. Diese f\u00fcr die Sehkraft wichtigen Stoffe k\u00f6nnen nicht vom K\u00f6rper hergestellt werden, daher wird eine regelm\u00e4\u00dfige Einnahme dieser Substanzen empfohlen.<\/p>\n","protected":false},"featured_media":8251,"template":"","meta":{"_acf_changed":false},"product_brand":[329],"product_cat":[330],"product_tag":[],"class_list":{"0":"post-8249","1":"product","2":"type-product","3":"status-publish","4":"has-post-thumbnail","6":"product_brand-hafesan","7":"product_cat-h","8":"pa_packungsgroesse-60-stueck","10":"first","11":"instock","12":"shipping-taxable","13":"purchasable","14":"product-type-simple"},"acf":[],"_links":{"self":[{"href":"https:\/\/www.hirtenberg-apotheke.at\/katalog\/wp-json\/wp\/v2\/product\/8249","targetHints":{"allow":["GET"]}}],"collection":[{"href":"https:\/\/www.hirtenberg-apotheke.at\/katalog\/wp-json\/wp\/v2\/product"}],"about":[{"href":"https:\/\/www.hirtenberg-apotheke.at\/katalog\/wp-json\/wp\/v2\/types\/product"}],"wp:featuredmedia":[{"embeddable":true,"href":"https:\/\/www.hirtenberg-apotheke.at\/katalog\/wp-json\/wp\/v2\/media\/8251"}],"wp:attachment":[{"href":"https:\/\/www.hirtenberg-apotheke.at\/katalog\/wp-json\/wp\/v2\/media?parent=8249"}],"wp:term":[{"taxonomy":"product_brand","embeddable":true,"href":"https:\/\/www.hirtenberg-apotheke.at\/katalog\/wp-json\/wp\/v2\/product_brand?post=8249"},{"taxonomy":"product_cat","embeddable":true,"href":"https:\/\/www.hirtenberg-apotheke.at\/katalog\/wp-json\/wp\/v2\/product_cat?post=8249"},{"taxonomy":"product_tag","embeddable":true,"href":"https:\/\/www.hirtenberg-apotheke.at\/katalog\/wp-json\/wp\/v2\/product_tag?post=8249"}],"curies":[{"name":"wp","href":"https:\/\/api.w.org\/{rel}","templated":true}]}}