{"id":82662,"date":"2025-11-28T11:25:35","date_gmt":"2025-11-28T10:25:35","guid":{"rendered":"https:\/\/www.hirtenberg-apotheke.at\/katalog\/produkt\/klosterfrau-thymian-islaendisch-moos-hustensaft-200-ml\/"},"modified":"2025-11-28T11:25:47","modified_gmt":"2025-11-28T10:25:47","slug":"klosterfrau-thymian-islaendisch-moos-hustensaft-200-ml","status":"publish","type":"product","link":"https:\/\/www.hirtenberg-apotheke.at\/katalog\/produkt\/klosterfrau-thymian-islaendisch-moos-hustensaft-200-ml\/","title":{"rendered":"Klosterfrau Thymian Isl\u00e4ndisch Moos Hustensaft 200 ml"},"content":{"rendered":"<p>Klosterfrau Thymian Isl\u00e4ndisch Moos Hustensaft wird sowohl zur Beruhigung der Schleimh\u00e4ute im Hals- und Rachenbereich, als auch hustenstillend angewendet.<\/p>\n","protected":false},"excerpt":{"rendered":"<p>Klosterfrau Thymian Isl\u00e4ndisch Moos Hustensaft wird sowohl zur Beruhigung der Schleimh\u00e4ute im Hals- und Rachenbereich, als auch hustenstillend angewendet.<\/p>\n","protected":false},"featured_media":0,"template":"","meta":{"_acf_changed":false},"product_brand":[510],"product_cat":[387],"product_tag":[],"class_list":{"0":"post-82662","1":"product","2":"type-product","3":"status-publish","5":"product_brand-klosterfrau","6":"product_cat-k","7":"pa_farbe-braeunlicher-sirup","8":"pa_geschmack-thymiangeschmack","9":"pa_packungsgroesse-200ml","11":"first","12":"instock","13":"shipping-taxable","14":"purchasable","15":"product-type-simple"},"acf":[],"_links":{"self":[{"href":"https:\/\/www.hirtenberg-apotheke.at\/katalog\/wp-json\/wp\/v2\/product\/82662","targetHints":{"allow":["GET"]}}],"collection":[{"href":"https:\/\/www.hirtenberg-apotheke.at\/katalog\/wp-json\/wp\/v2\/product"}],"about":[{"href":"https:\/\/www.hirtenberg-apotheke.at\/katalog\/wp-json\/wp\/v2\/types\/product"}],"wp:attachment":[{"href":"https:\/\/www.hirtenberg-apotheke.at\/katalog\/wp-json\/wp\/v2\/media?parent=82662"}],"wp:term":[{"taxonomy":"product_brand","embeddable":true,"href":"https:\/\/www.hirtenberg-apotheke.at\/katalog\/wp-json\/wp\/v2\/product_brand?post=82662"},{"taxonomy":"product_cat","embeddable":true,"href":"https:\/\/www.hirtenberg-apotheke.at\/katalog\/wp-json\/wp\/v2\/product_cat?post=82662"},{"taxonomy":"product_tag","embeddable":true,"href":"https:\/\/www.hirtenberg-apotheke.at\/katalog\/wp-json\/wp\/v2\/product_tag?post=82662"}],"curies":[{"name":"wp","href":"https:\/\/api.w.org\/{rel}","templated":true}]}}