{"id":82755,"date":"2025-11-28T11:39:24","date_gmt":"2025-11-28T10:39:24","guid":{"rendered":"https:\/\/www.hirtenberg-apotheke.at\/katalog\/produkt\/almased-vitaltee-alm\/"},"modified":"2025-11-28T11:39:51","modified_gmt":"2025-11-28T10:39:51","slug":"almased-vitaltee-alm","status":"publish","type":"product","link":"https:\/\/www.hirtenberg-apotheke.at\/katalog\/produkt\/almased-vitaltee-alm\/","title":{"rendered":"Almased Vitaltee Alm"},"content":{"rendered":"<p>Almased Vitaltee ist eine wohltuende Tee-Mischung aus Wei\u00dfdorn, Majoran, Holunder, Sellerie und Waldmeister. Der Tee hilft Ihnen, schnell und leicht abzunehmen, verbessert zudem die Stoffwechselsituation und aktiviert die Fettverbrennung. Dar\u00fcber hinaus dient er auch zur zus\u00e4tzlichen Ern\u00e4hrung bei erh\u00f6hter k\u00f6rperlicher und geistiger Anstrengung.<\/p>\n","protected":false},"excerpt":{"rendered":"<p>Almased Vitaltee ist eine wohltuende Tee-Mischung aus Wei\u00dfdorn, Majoran, Holunder, Sellerie und Waldmeister. Der Tee hilft Ihnen, schnell und leicht abzunehmen, verbessert zudem die Stoffwechselsituation und aktiviert die Fettverbrennung. Dar\u00fcber hinaus dient er auch zur zus\u00e4tzlichen Ern\u00e4hrung bei erh\u00f6hter k\u00f6rperlicher und geistiger Anstrengung.<\/p>\n","protected":false},"featured_media":0,"template":"","meta":{"_acf_changed":false},"product_brand":[607],"product_cat":[299],"product_tag":[],"class_list":{"0":"post-82755","1":"product","2":"type-product","3":"status-publish","5":"product_brand-almased","6":"product_cat-a","7":"pa_packungsgroesse-100g","9":"first","10":"instock","11":"shipping-taxable","12":"purchasable","13":"product-type-simple"},"acf":[],"_links":{"self":[{"href":"https:\/\/www.hirtenberg-apotheke.at\/katalog\/wp-json\/wp\/v2\/product\/82755","targetHints":{"allow":["GET"]}}],"collection":[{"href":"https:\/\/www.hirtenberg-apotheke.at\/katalog\/wp-json\/wp\/v2\/product"}],"about":[{"href":"https:\/\/www.hirtenberg-apotheke.at\/katalog\/wp-json\/wp\/v2\/types\/product"}],"wp:attachment":[{"href":"https:\/\/www.hirtenberg-apotheke.at\/katalog\/wp-json\/wp\/v2\/media?parent=82755"}],"wp:term":[{"taxonomy":"product_brand","embeddable":true,"href":"https:\/\/www.hirtenberg-apotheke.at\/katalog\/wp-json\/wp\/v2\/product_brand?post=82755"},{"taxonomy":"product_cat","embeddable":true,"href":"https:\/\/www.hirtenberg-apotheke.at\/katalog\/wp-json\/wp\/v2\/product_cat?post=82755"},{"taxonomy":"product_tag","embeddable":true,"href":"https:\/\/www.hirtenberg-apotheke.at\/katalog\/wp-json\/wp\/v2\/product_tag?post=82755"}],"curies":[{"name":"wp","href":"https:\/\/api.w.org\/{rel}","templated":true}]}}