{"id":8276,"date":"2025-11-25T13:39:16","date_gmt":"2025-11-25T12:39:16","guid":{"rendered":"https:\/\/www.hirtenberg-apotheke.at\/katalog\/produkt\/heidelbeer-e-kapseln\/"},"modified":"2025-11-25T13:40:19","modified_gmt":"2025-11-25T12:40:19","slug":"heidelbeer-e-kapseln","status":"publish","type":"product","link":"https:\/\/www.hirtenberg-apotheke.at\/katalog\/produkt\/heidelbeer-e-kapseln\/","title":{"rendered":"Heidelbeer E Kapseln"},"content":{"rendered":"<p>Gall Pharma Heidelbeer E Kapseln enthalten 400 mg Heidelbeer-Extrakt. Der wichtigste Bestandteil dieses Extraktes ist der blaue Farbstoff (Polyphenole\/Anthocyane). Die Polyphenole bzw. Anthocyane haben eine g\u00fcnstige Auswirkung auf das Sehen bei D\u00e4mmerung und unterst\u00fctzen die schnelle Anpassung der Augen bei grellem Licht.<\/p>\n","protected":false},"excerpt":{"rendered":"<p>Gall Pharma Heidelbeer E Kapseln enthalten 400 mg Heidelbeer-Extrakt. Der wichtigste Bestandteil dieses Extraktes ist der blaue Farbstoff (Polyphenole\/Anthocyane). Die Polyphenole bzw. Anthocyane haben eine g\u00fcnstige Auswirkung auf das Sehen bei D\u00e4mmerung und unterst\u00fctzen die schnelle Anpassung der Augen bei grellem Licht.<\/p>\n","protected":false},"featured_media":8278,"template":"","meta":{"_acf_changed":false},"product_brand":[316],"product_cat":[330],"product_tag":[],"class_list":{"0":"post-8276","1":"product","2":"type-product","3":"status-publish","4":"has-post-thumbnail","6":"product_brand-gall-pharma","7":"product_cat-h","8":"pa_packungsgroesse-60-stueck","10":"first","11":"instock","12":"shipping-taxable","13":"purchasable","14":"product-type-simple"},"acf":[],"_links":{"self":[{"href":"https:\/\/www.hirtenberg-apotheke.at\/katalog\/wp-json\/wp\/v2\/product\/8276","targetHints":{"allow":["GET"]}}],"collection":[{"href":"https:\/\/www.hirtenberg-apotheke.at\/katalog\/wp-json\/wp\/v2\/product"}],"about":[{"href":"https:\/\/www.hirtenberg-apotheke.at\/katalog\/wp-json\/wp\/v2\/types\/product"}],"wp:featuredmedia":[{"embeddable":true,"href":"https:\/\/www.hirtenberg-apotheke.at\/katalog\/wp-json\/wp\/v2\/media\/8278"}],"wp:attachment":[{"href":"https:\/\/www.hirtenberg-apotheke.at\/katalog\/wp-json\/wp\/v2\/media?parent=8276"}],"wp:term":[{"taxonomy":"product_brand","embeddable":true,"href":"https:\/\/www.hirtenberg-apotheke.at\/katalog\/wp-json\/wp\/v2\/product_brand?post=8276"},{"taxonomy":"product_cat","embeddable":true,"href":"https:\/\/www.hirtenberg-apotheke.at\/katalog\/wp-json\/wp\/v2\/product_cat?post=8276"},{"taxonomy":"product_tag","embeddable":true,"href":"https:\/\/www.hirtenberg-apotheke.at\/katalog\/wp-json\/wp\/v2\/product_tag?post=8276"}],"curies":[{"name":"wp","href":"https:\/\/api.w.org\/{rel}","templated":true}]}}