{"id":83191,"date":"2025-11-28T12:59:13","date_gmt":"2025-11-28T11:59:13","guid":{"rendered":"https:\/\/www.hirtenberg-apotheke.at\/katalog\/produkt\/hoggar-night-duo-kapseln-30-stk\/"},"modified":"2025-11-28T12:59:36","modified_gmt":"2025-11-28T11:59:36","slug":"hoggar-night-duo-kapseln-30-stk","status":"publish","type":"product","link":"https:\/\/www.hirtenberg-apotheke.at\/katalog\/produkt\/hoggar-night-duo-kapseln-30-stk\/","title":{"rendered":"Hoggar Night Duo Kapseln 30 Stk."},"content":{"rendered":"<p>Hoggar Night Duo Kapseln sind ein Nahrungserg\u00e4nzungsmittel mit Lavendel\u00f6l, Passionsblumenextrakt und Vitamin B6. Die drei Inhaltsstoffe in der innovativen Duo-Kapsel sorgen f\u00fcr eine gezielte Freisetzung, um ein entspanntes Einschlafen und angenehmes Durchschlafen zu erm\u00f6glichen.<\/p>\n","protected":false},"excerpt":{"rendered":"<p>Hoggar Night Duo Kapseln sind ein Nahrungserg\u00e4nzungsmittel mit Lavendel\u00f6l, Passionsblumenextrakt und Vitamin B6. Die drei Inhaltsstoffe in der innovativen Duo-Kapsel sorgen f\u00fcr eine gezielte Freisetzung, um ein entspanntes Einschlafen und angenehmes Durchschlafen zu erm\u00f6glichen.<\/p>\n","protected":false},"featured_media":83193,"template":"","meta":{"_acf_changed":false},"product_brand":[],"product_cat":[330],"product_tag":[],"class_list":{"0":"post-83191","1":"product","2":"type-product","3":"status-publish","4":"has-post-thumbnail","6":"product_cat-h","7":"pa_packungsgroesse-30-stueck","9":"first","10":"instock","11":"shipping-taxable","12":"purchasable","13":"product-type-simple"},"acf":[],"_links":{"self":[{"href":"https:\/\/www.hirtenberg-apotheke.at\/katalog\/wp-json\/wp\/v2\/product\/83191","targetHints":{"allow":["GET"]}}],"collection":[{"href":"https:\/\/www.hirtenberg-apotheke.at\/katalog\/wp-json\/wp\/v2\/product"}],"about":[{"href":"https:\/\/www.hirtenberg-apotheke.at\/katalog\/wp-json\/wp\/v2\/types\/product"}],"wp:featuredmedia":[{"embeddable":true,"href":"https:\/\/www.hirtenberg-apotheke.at\/katalog\/wp-json\/wp\/v2\/media\/83193"}],"wp:attachment":[{"href":"https:\/\/www.hirtenberg-apotheke.at\/katalog\/wp-json\/wp\/v2\/media?parent=83191"}],"wp:term":[{"taxonomy":"product_brand","embeddable":true,"href":"https:\/\/www.hirtenberg-apotheke.at\/katalog\/wp-json\/wp\/v2\/product_brand?post=83191"},{"taxonomy":"product_cat","embeddable":true,"href":"https:\/\/www.hirtenberg-apotheke.at\/katalog\/wp-json\/wp\/v2\/product_cat?post=83191"},{"taxonomy":"product_tag","embeddable":true,"href":"https:\/\/www.hirtenberg-apotheke.at\/katalog\/wp-json\/wp\/v2\/product_tag?post=83191"}],"curies":[{"name":"wp","href":"https:\/\/api.w.org\/{rel}","templated":true}]}}