{"id":83770,"date":"2025-12-02T14:25:35","date_gmt":"2025-12-02T13:25:35","guid":{"rendered":"https:\/\/www.hirtenberg-apotheke.at\/katalog\/produkt\/peeroton-energy-riegel-schoko-50g-x-20-stueck\/"},"modified":"2025-12-02T14:25:39","modified_gmt":"2025-12-02T13:25:39","slug":"peeroton-energy-riegel-schoko-50g-x-20-stueck","status":"publish","type":"product","link":"https:\/\/www.hirtenberg-apotheke.at\/katalog\/produkt\/peeroton-energy-riegel-schoko-50g-x-20-stueck\/","title":{"rendered":"Peeroton Energy Riegel Schoko 50g x 20 St\u00fcck"},"content":{"rendered":"<p>Der Peeroton Energy Riegel schmeckt, s\u00e4ttigt und st\u00e4rkt. Ein Riegel deckt bereits 50% des Tagesbedarfs an Vitamin B1. Der Energy Riegel ist nicht nur im Sport einsetzbar, sondern liefert auch im Alltag einen schnellen Energie-Kick.<\/p>\n","protected":false},"excerpt":{"rendered":"<p>Der Peeroton Energy Riegel schmeckt, s\u00e4ttigt und st\u00e4rkt. Ein Riegel deckt bereits 50% des Tagesbedarfs an Vitamin B1. Der Energy Riegel ist nicht nur im Sport einsetzbar, sondern liefert auch im Alltag einen schnellen Energie-Kick.<\/p>\n","protected":false},"featured_media":83772,"template":"","meta":{"_acf_changed":false},"product_brand":[611],"product_cat":[302],"product_tag":[],"class_list":{"0":"post-83770","1":"product","2":"type-product","3":"status-publish","4":"has-post-thumbnail","6":"product_brand-peeroton","7":"product_cat-p","8":"pa_packungsgroesse-20-stueck","10":"first","11":"instock","12":"shipping-taxable","13":"purchasable","14":"product-type-simple"},"acf":[],"_links":{"self":[{"href":"https:\/\/www.hirtenberg-apotheke.at\/katalog\/wp-json\/wp\/v2\/product\/83770","targetHints":{"allow":["GET"]}}],"collection":[{"href":"https:\/\/www.hirtenberg-apotheke.at\/katalog\/wp-json\/wp\/v2\/product"}],"about":[{"href":"https:\/\/www.hirtenberg-apotheke.at\/katalog\/wp-json\/wp\/v2\/types\/product"}],"wp:featuredmedia":[{"embeddable":true,"href":"https:\/\/www.hirtenberg-apotheke.at\/katalog\/wp-json\/wp\/v2\/media\/83772"}],"wp:attachment":[{"href":"https:\/\/www.hirtenberg-apotheke.at\/katalog\/wp-json\/wp\/v2\/media?parent=83770"}],"wp:term":[{"taxonomy":"product_brand","embeddable":true,"href":"https:\/\/www.hirtenberg-apotheke.at\/katalog\/wp-json\/wp\/v2\/product_brand?post=83770"},{"taxonomy":"product_cat","embeddable":true,"href":"https:\/\/www.hirtenberg-apotheke.at\/katalog\/wp-json\/wp\/v2\/product_cat?post=83770"},{"taxonomy":"product_tag","embeddable":true,"href":"https:\/\/www.hirtenberg-apotheke.at\/katalog\/wp-json\/wp\/v2\/product_tag?post=83770"}],"curies":[{"name":"wp","href":"https:\/\/api.w.org\/{rel}","templated":true}]}}