{"id":83862,"date":"2025-12-02T14:29:43","date_gmt":"2025-12-02T13:29:43","guid":{"rendered":"https:\/\/www.hirtenberg-apotheke.at\/katalog\/produkt\/herba-vision-augentrost-md-sine-10-ml\/"},"modified":"2025-12-02T14:30:01","modified_gmt":"2025-12-02T13:30:01","slug":"herba-vision-augentrost-md-sine-10-ml","status":"publish","type":"product","link":"https:\/\/www.hirtenberg-apotheke.at\/katalog\/produkt\/herba-vision-augentrost-md-sine-10-ml\/","title":{"rendered":"Herba-Vision Augentrost MD sine 10 ml"},"content":{"rendered":"<p>Herba-Vision Augentrost MD sine 10 ml bringt Linderung und beruhigt bei gereizten oder trockenen Augen, verursacht durch das Tragen von Kontaktlinsen, M\u00fcdigkeit, den Aufenthalt in verrauchten R\u00e4umen, langandauernde Computerarbeit oder Belastung durch allgemeine Umwelteinfl\u00fcsse, wie zum Beispiel Staubpartikel und Pollen.<\/p>\n","protected":false},"excerpt":{"rendered":"<p>Herba-Vision Augentrost MD sine 10 ml bringt Linderung und beruhigt bei gereizten oder trockenen Augen, verursacht durch das Tragen von Kontaktlinsen, M\u00fcdigkeit, den Aufenthalt in verrauchten R\u00e4umen, langandauernde Computerarbeit oder Belastung durch allgemeine Umwelteinfl\u00fcsse, wie zum Beispiel Staubpartikel und Pollen.<\/p>\n","protected":false},"featured_media":83864,"template":"","meta":{"_acf_changed":false},"product_brand":[],"product_cat":[330],"product_tag":[],"class_list":{"0":"post-83862","1":"product","2":"type-product","3":"status-publish","4":"has-post-thumbnail","6":"product_cat-h","7":"pa_packungsgroesse-10ml","9":"first","10":"instock","11":"shipping-taxable","12":"purchasable","13":"product-type-simple"},"acf":[],"_links":{"self":[{"href":"https:\/\/www.hirtenberg-apotheke.at\/katalog\/wp-json\/wp\/v2\/product\/83862","targetHints":{"allow":["GET"]}}],"collection":[{"href":"https:\/\/www.hirtenberg-apotheke.at\/katalog\/wp-json\/wp\/v2\/product"}],"about":[{"href":"https:\/\/www.hirtenberg-apotheke.at\/katalog\/wp-json\/wp\/v2\/types\/product"}],"wp:featuredmedia":[{"embeddable":true,"href":"https:\/\/www.hirtenberg-apotheke.at\/katalog\/wp-json\/wp\/v2\/media\/83864"}],"wp:attachment":[{"href":"https:\/\/www.hirtenberg-apotheke.at\/katalog\/wp-json\/wp\/v2\/media?parent=83862"}],"wp:term":[{"taxonomy":"product_brand","embeddable":true,"href":"https:\/\/www.hirtenberg-apotheke.at\/katalog\/wp-json\/wp\/v2\/product_brand?post=83862"},{"taxonomy":"product_cat","embeddable":true,"href":"https:\/\/www.hirtenberg-apotheke.at\/katalog\/wp-json\/wp\/v2\/product_cat?post=83862"},{"taxonomy":"product_tag","embeddable":true,"href":"https:\/\/www.hirtenberg-apotheke.at\/katalog\/wp-json\/wp\/v2\/product_tag?post=83862"}],"curies":[{"name":"wp","href":"https:\/\/api.w.org\/{rel}","templated":true}]}}