{"id":83891,"date":"2025-12-02T14:30:45","date_gmt":"2025-12-02T13:30:45","guid":{"rendered":"https:\/\/www.hirtenberg-apotheke.at\/katalog\/produkt\/espara-schwarzkuemmel-oel-bio\/"},"modified":"2025-12-02T14:30:47","modified_gmt":"2025-12-02T13:30:47","slug":"espara-schwarzkuemmel-oel-bio","status":"publish","type":"product","link":"https:\/\/www.hirtenberg-apotheke.at\/katalog\/produkt\/espara-schwarzkuemmel-oel-bio\/","title":{"rendered":"Espara Schwarzk\u00fcmmel \u00d6l Bio"},"content":{"rendered":"<p>Nahrungserg\u00e4nzungsmittel mit Schwarzk\u00fcmmel\u00f6l aus kontrolliert biologischem Anbau. Mit mehrfach unges\u00e4ttigten Fetts\u00e4uren, die f\u00fcr den Stoffwechsel und das Immunsystem sehr wertvoll sind.<\/p>\n","protected":false},"excerpt":{"rendered":"<p>Nahrungserg\u00e4nzungsmittel mit Schwarzk\u00fcmmel\u00f6l aus kontrolliert biologischem Anbau. Mit mehrfach unges\u00e4ttigten Fetts\u00e4uren, die f\u00fcr den Stoffwechsel und das Immunsystem sehr wertvoll sind.<\/p>\n","protected":false},"featured_media":0,"template":"","meta":{"_acf_changed":false},"product_brand":[341],"product_cat":[307],"product_tag":[],"class_list":{"0":"post-83891","1":"product","2":"type-product","3":"status-publish","5":"product_brand-espara","6":"product_cat-e","7":"pa_packungsgroesse-100ml","9":"first","10":"instock","11":"shipping-taxable","12":"purchasable","13":"product-type-simple"},"acf":[],"_links":{"self":[{"href":"https:\/\/www.hirtenberg-apotheke.at\/katalog\/wp-json\/wp\/v2\/product\/83891","targetHints":{"allow":["GET"]}}],"collection":[{"href":"https:\/\/www.hirtenberg-apotheke.at\/katalog\/wp-json\/wp\/v2\/product"}],"about":[{"href":"https:\/\/www.hirtenberg-apotheke.at\/katalog\/wp-json\/wp\/v2\/types\/product"}],"wp:attachment":[{"href":"https:\/\/www.hirtenberg-apotheke.at\/katalog\/wp-json\/wp\/v2\/media?parent=83891"}],"wp:term":[{"taxonomy":"product_brand","embeddable":true,"href":"https:\/\/www.hirtenberg-apotheke.at\/katalog\/wp-json\/wp\/v2\/product_brand?post=83891"},{"taxonomy":"product_cat","embeddable":true,"href":"https:\/\/www.hirtenberg-apotheke.at\/katalog\/wp-json\/wp\/v2\/product_cat?post=83891"},{"taxonomy":"product_tag","embeddable":true,"href":"https:\/\/www.hirtenberg-apotheke.at\/katalog\/wp-json\/wp\/v2\/product_tag?post=83891"}],"curies":[{"name":"wp","href":"https:\/\/api.w.org\/{rel}","templated":true}]}}