{"id":83898,"date":"2025-12-02T14:30:52","date_gmt":"2025-12-02T13:30:52","guid":{"rendered":"https:\/\/www.hirtenberg-apotheke.at\/katalog\/produkt\/nexcare-ultra-stretch-comfort-flexible-strips\/"},"modified":"2025-12-02T14:30:55","modified_gmt":"2025-12-02T13:30:55","slug":"nexcare-ultra-stretch-comfort-flexible-strips","status":"publish","type":"product","link":"https:\/\/www.hirtenberg-apotheke.at\/katalog\/produkt\/nexcare-ultra-stretch-comfort-flexible-strips\/","title":{"rendered":"Nexcare\u2122 ultra stretch comfort flexible strips"},"content":{"rendered":"<p>Die Nexcare\u2122 Ultra Stretch Comfort Flexible Pflaster erm\u00f6glichen Ihnen auch bei Schnitten, Absch\u00fcrfungen oder leichten Verbrennungen Ihre gewohnte Bewegungsfreiheit. Sie bestehen aus einem hochgradig atmungsaktiven Material, das einen \u00fcberragenden Tragekomfort gew\u00e4hrleistet. Der wasserresistente Klebstoff wiederum l\u00f6st sich auch bei N\u00e4sse nicht. Das dehnbare Material passt sich Ihren Bewegungen im Alltag an, ob Sie nun im Garten arbeiten, auf einer Tastatur tippen oder ins Yogastudio gehen. Durch die flexible, bequeme Passform vergessen Sie v\u00f6llig, dass Sie \u00fcberhaupt ein Pflaster tragen. Zur Abdeckung und zum Schutz kleinerer Wunden w\u00e4hrend der Wundheilung<\/p>\n","protected":false},"excerpt":{"rendered":"<p>Die Nexcare\u2122 Ultra Stretch Comfort Flexible Pflaster erm\u00f6glichen Ihnen auch bei Schnitten, Absch\u00fcrfungen oder leichten Verbrennungen Ihre gewohnte Bewegungsfreiheit. Sie bestehen aus einem hochgradig atmungsaktiven Material, das einen \u00fcberragenden Tragekomfort gew\u00e4hrleistet. Der wasserresistente Klebstoff wiederum l\u00f6st sich auch bei N\u00e4sse nicht. Das dehnbare Material passt sich Ihren Bewegungen im Alltag an, ob Sie nun im [&hellip;]<\/p>\n","protected":false},"featured_media":0,"template":"","meta":{"_acf_changed":false},"product_brand":[980],"product_cat":[310],"product_tag":[],"class_list":{"0":"post-83898","1":"product","2":"type-product","3":"status-publish","5":"product_brand-nexcare","6":"product_cat-n","7":"pa_packungsgroesse-30-stueck","9":"first","10":"instock","11":"shipping-taxable","12":"purchasable","13":"product-type-simple"},"acf":[],"_links":{"self":[{"href":"https:\/\/www.hirtenberg-apotheke.at\/katalog\/wp-json\/wp\/v2\/product\/83898","targetHints":{"allow":["GET"]}}],"collection":[{"href":"https:\/\/www.hirtenberg-apotheke.at\/katalog\/wp-json\/wp\/v2\/product"}],"about":[{"href":"https:\/\/www.hirtenberg-apotheke.at\/katalog\/wp-json\/wp\/v2\/types\/product"}],"wp:attachment":[{"href":"https:\/\/www.hirtenberg-apotheke.at\/katalog\/wp-json\/wp\/v2\/media?parent=83898"}],"wp:term":[{"taxonomy":"product_brand","embeddable":true,"href":"https:\/\/www.hirtenberg-apotheke.at\/katalog\/wp-json\/wp\/v2\/product_brand?post=83898"},{"taxonomy":"product_cat","embeddable":true,"href":"https:\/\/www.hirtenberg-apotheke.at\/katalog\/wp-json\/wp\/v2\/product_cat?post=83898"},{"taxonomy":"product_tag","embeddable":true,"href":"https:\/\/www.hirtenberg-apotheke.at\/katalog\/wp-json\/wp\/v2\/product_tag?post=83898"}],"curies":[{"name":"wp","href":"https:\/\/api.w.org\/{rel}","templated":true}]}}