{"id":84119,"date":"2025-12-02T14:36:57","date_gmt":"2025-12-02T13:36:57","guid":{"rendered":"https:\/\/www.hirtenberg-apotheke.at\/katalog\/produkt\/menosan-urticalcin-vit-d-180-stk\/"},"modified":"2025-12-02T14:37:15","modified_gmt":"2025-12-02T13:37:15","slug":"menosan-urticalcin-vit-d-180-stk","status":"publish","type":"product","link":"https:\/\/www.hirtenberg-apotheke.at\/katalog\/produkt\/menosan-urticalcin-vit-d-180-stk\/","title":{"rendered":"Menosan urticalcin Vit D 180 Stk."},"content":{"rendered":"<p>Menosan urticalcin Vit D zur Erhaltung einer normalen Knochenfunktion. Vitamin D tr\u00e4gt zu einem normalen Calciumspiegel im Blut bei, sowie zur Erhaltung normaler Knochen und normaler Muskelfunktion.Dar\u00fcber hinaus tr\u00e4gt es zur normalen Aufnahme von Calcium und Phosphor bei.<\/p>\n","protected":false},"excerpt":{"rendered":"<p>Menosan urticalcin Vit D zur Erhaltung einer normalen Knochenfunktion. Vitamin D tr\u00e4gt zu einem normalen Calciumspiegel im Blut bei, sowie zur Erhaltung normaler Knochen und normaler Muskelfunktion.Dar\u00fcber hinaus tr\u00e4gt es zur normalen Aufnahme von Calcium und Phosphor bei.<\/p>\n","protected":false},"featured_media":84121,"template":"","meta":{"_acf_changed":false},"product_brand":[],"product_cat":[308],"product_tag":[],"class_list":{"0":"post-84119","1":"product","2":"type-product","3":"status-publish","4":"has-post-thumbnail","6":"product_cat-m","7":"pa_packungsgroesse-180-stueck","9":"first","10":"instock","11":"shipping-taxable","12":"purchasable","13":"product-type-simple"},"acf":[],"_links":{"self":[{"href":"https:\/\/www.hirtenberg-apotheke.at\/katalog\/wp-json\/wp\/v2\/product\/84119","targetHints":{"allow":["GET"]}}],"collection":[{"href":"https:\/\/www.hirtenberg-apotheke.at\/katalog\/wp-json\/wp\/v2\/product"}],"about":[{"href":"https:\/\/www.hirtenberg-apotheke.at\/katalog\/wp-json\/wp\/v2\/types\/product"}],"wp:featuredmedia":[{"embeddable":true,"href":"https:\/\/www.hirtenberg-apotheke.at\/katalog\/wp-json\/wp\/v2\/media\/84121"}],"wp:attachment":[{"href":"https:\/\/www.hirtenberg-apotheke.at\/katalog\/wp-json\/wp\/v2\/media?parent=84119"}],"wp:term":[{"taxonomy":"product_brand","embeddable":true,"href":"https:\/\/www.hirtenberg-apotheke.at\/katalog\/wp-json\/wp\/v2\/product_brand?post=84119"},{"taxonomy":"product_cat","embeddable":true,"href":"https:\/\/www.hirtenberg-apotheke.at\/katalog\/wp-json\/wp\/v2\/product_cat?post=84119"},{"taxonomy":"product_tag","embeddable":true,"href":"https:\/\/www.hirtenberg-apotheke.at\/katalog\/wp-json\/wp\/v2\/product_tag?post=84119"}],"curies":[{"name":"wp","href":"https:\/\/api.w.org\/{rel}","templated":true}]}}