{"id":84310,"date":"2025-12-02T14:43:16","date_gmt":"2025-12-02T13:43:16","guid":{"rendered":"https:\/\/www.hirtenberg-apotheke.at\/katalog\/produkt\/padma-cogniben-konzentration-und-fokus-kapseln-60-stk\/"},"modified":"2025-12-02T14:43:30","modified_gmt":"2025-12-02T13:43:30","slug":"padma-cogniben-konzentration-und-fokus-kapseln-60-stk","status":"publish","type":"product","link":"https:\/\/www.hirtenberg-apotheke.at\/katalog\/produkt\/padma-cogniben-konzentration-und-fokus-kapseln-60-stk\/","title":{"rendered":"Padma Cogniben Konzentration und Fokus Kapseln 60 Stk."},"content":{"rendered":"<div>F\u00fcr Situationen in der Schule, im Studium, bei der Arbeit oder im Alltag, in denen eine volle Leistung und wache Sinne gefragt sind. Sei dies beim n\u00e4chtelangen Lernen oder wenn nach der Arbeit noch ein Sitzungsmarathon im Verein ansteht. Denn lange Gedankenarbeit ben\u00f6tigt Konzentration und kann erm\u00fcden. PADMA COGNIBEN mit Eisen und naturbelassenem Muskatnuss, K\u00fcmmel und Ingwer ist koffeinfrei, kann also auch nach dem sechsten oder siebten Kaffee noch genommen werden.\u00a0<\/div>\n<div><\/div>\n<div>\n<div>Inhaltsstoffe<\/div>\n<div>&#8222;1 Kapsel enth\u00e4lt: Muskatnuss 222 mg, K\u00fcmmel 111 mg, Ingwer 67 mg, Eisendiphosphat 28 mg. Die vegane Kapselh\u00fclle besteht aus Hydroxypropylmethylcellulose. Die Kapseln enthalten keine k\u00fcnstliche Konservierungs- und Farbstoffe.&#8220;<\/div>\n<div><\/div>\n<\/div>\n","protected":false},"excerpt":{"rendered":"<p>F\u00fcr Situationen in der Schule, im Studium, bei der Arbeit oder im Alltag, in denen eine volle Leistung und wache Sinne gefragt sind. Sei dies beim n\u00e4chtelangen Lernen oder wenn nach der Arbeit noch ein Sitzungsmarathon im Verein ansteht. Denn lange Gedankenarbeit ben\u00f6tigt Konzentration und kann erm\u00fcden. PADMA COGNIBEN mit Eisen und naturbelassenem Muskatnuss, K\u00fcmmel [&hellip;]<\/p>\n","protected":false},"featured_media":84312,"template":"","meta":{"_acf_changed":false},"product_brand":[],"product_cat":[302],"product_tag":[],"class_list":{"0":"post-84310","1":"product","2":"type-product","3":"status-publish","4":"has-post-thumbnail","6":"product_cat-p","7":"pa_packungsgroesse-60-stueck","9":"first","10":"instock","11":"shipping-taxable","12":"purchasable","13":"product-type-simple"},"acf":[],"_links":{"self":[{"href":"https:\/\/www.hirtenberg-apotheke.at\/katalog\/wp-json\/wp\/v2\/product\/84310","targetHints":{"allow":["GET"]}}],"collection":[{"href":"https:\/\/www.hirtenberg-apotheke.at\/katalog\/wp-json\/wp\/v2\/product"}],"about":[{"href":"https:\/\/www.hirtenberg-apotheke.at\/katalog\/wp-json\/wp\/v2\/types\/product"}],"wp:featuredmedia":[{"embeddable":true,"href":"https:\/\/www.hirtenberg-apotheke.at\/katalog\/wp-json\/wp\/v2\/media\/84312"}],"wp:attachment":[{"href":"https:\/\/www.hirtenberg-apotheke.at\/katalog\/wp-json\/wp\/v2\/media?parent=84310"}],"wp:term":[{"taxonomy":"product_brand","embeddable":true,"href":"https:\/\/www.hirtenberg-apotheke.at\/katalog\/wp-json\/wp\/v2\/product_brand?post=84310"},{"taxonomy":"product_cat","embeddable":true,"href":"https:\/\/www.hirtenberg-apotheke.at\/katalog\/wp-json\/wp\/v2\/product_cat?post=84310"},{"taxonomy":"product_tag","embeddable":true,"href":"https:\/\/www.hirtenberg-apotheke.at\/katalog\/wp-json\/wp\/v2\/product_tag?post=84310"}],"curies":[{"name":"wp","href":"https:\/\/api.w.org\/{rel}","templated":true}]}}