{"id":84849,"date":"2025-12-02T14:57:52","date_gmt":"2025-12-02T13:57:52","guid":{"rendered":"https:\/\/www.hirtenberg-apotheke.at\/katalog\/produkt\/elimax-pure-power-200-ml\/"},"modified":"2025-12-02T14:58:10","modified_gmt":"2025-12-02T13:58:10","slug":"elimax-pure-power-200-ml","status":"publish","type":"product","link":"https:\/\/www.hirtenberg-apotheke.at\/katalog\/produkt\/elimax-pure-power-200-ml\/","title":{"rendered":"Elimax\u00ae Pure Power 200 ml"},"content":{"rendered":"<p><span>Elimax\u00ae\u00a0Pure Power fettet nicht, ist leicht auszuwaschen &amp; 100% wirksam*.<\/span><\/p>\n<p><span>Durch den Wirkstoff Prosil erstickt und dehydriert Elimax<span>\u00ae<\/span>\u00a0Pure Power L\u00e4use und Nissen. Im Vergleich zu Silikonen legt sich Prosil nicht am Haar an und fettend nicht.\u00a0Elimax<span>\u00ae<\/span>\u00a0Pure Power ist frei von Silikonen, Parabenen, \u00d6len, Salzen und Seifen. Es sch\u00fctzt bis zu 3 Tagen vor neuerlichem Befall. Durch den Wirkstoff Prosil besteht kein Risiko von Haut- und Augenreizungen.<\/span><\/p>\n<p><span>Besonders geeignet f\u00fcr Kinder mit langen Haaren, sensibler Haut oder \u201eHaarwaschmuffeln\u201c.<\/span><\/p>\n<p><span>In nur 10 Minuten zum Erfolg<\/span><\/p>\n<p><span><b>Anwendung:<\/b><br \/>Eine gro\u00dfz\u00fcgige Menge der L\u00f6sung auf trockenem Haar auftragen. Haare und Kopfhaut m\u00fcssen komplett bedeckt sein. Lassen Sie das Produkt 10 Minuten einwirken. Mit dem beiliegenden Nissenkamm gr\u00fcndlich durchk\u00e4mmen. Nach der Einwirkzeit \/ dem Durchk\u00e4mmen das Haar mit einem herk\u00f6mmlichen Shampoo waschen und gr\u00fcndlich aussp\u00fclen.<span><br \/><\/span><\/span><\/p>\n<p><b><span><br \/><\/span><\/b><\/p>\n<p><span>*(in vitro Tests)<\/span><\/p>\n","protected":false},"excerpt":{"rendered":"<p>Elimax\u00ae\u00a0Pure Power fettet nicht, ist leicht auszuwaschen &amp; 100% wirksam*. Durch den Wirkstoff Prosil erstickt und dehydriert Elimax\u00ae\u00a0Pure Power L\u00e4use und Nissen. Im Vergleich zu Silikonen legt sich Prosil nicht am Haar an und fettend nicht.\u00a0Elimax\u00ae\u00a0Pure Power ist frei von Silikonen, Parabenen, \u00d6len, Salzen und Seifen. Es sch\u00fctzt bis zu 3 Tagen vor neuerlichem Befall. [&hellip;]<\/p>\n","protected":false},"featured_media":84851,"template":"","meta":{"_acf_changed":false},"product_brand":[],"product_cat":[307],"product_tag":[],"class_list":{"0":"post-84849","1":"product","2":"type-product","3":"status-publish","4":"has-post-thumbnail","6":"product_cat-e","7":"pa_packungsgroesse-200ml","9":"first","10":"instock","11":"shipping-taxable","12":"purchasable","13":"product-type-simple"},"acf":[],"_links":{"self":[{"href":"https:\/\/www.hirtenberg-apotheke.at\/katalog\/wp-json\/wp\/v2\/product\/84849","targetHints":{"allow":["GET"]}}],"collection":[{"href":"https:\/\/www.hirtenberg-apotheke.at\/katalog\/wp-json\/wp\/v2\/product"}],"about":[{"href":"https:\/\/www.hirtenberg-apotheke.at\/katalog\/wp-json\/wp\/v2\/types\/product"}],"wp:featuredmedia":[{"embeddable":true,"href":"https:\/\/www.hirtenberg-apotheke.at\/katalog\/wp-json\/wp\/v2\/media\/84851"}],"wp:attachment":[{"href":"https:\/\/www.hirtenberg-apotheke.at\/katalog\/wp-json\/wp\/v2\/media?parent=84849"}],"wp:term":[{"taxonomy":"product_brand","embeddable":true,"href":"https:\/\/www.hirtenberg-apotheke.at\/katalog\/wp-json\/wp\/v2\/product_brand?post=84849"},{"taxonomy":"product_cat","embeddable":true,"href":"https:\/\/www.hirtenberg-apotheke.at\/katalog\/wp-json\/wp\/v2\/product_cat?post=84849"},{"taxonomy":"product_tag","embeddable":true,"href":"https:\/\/www.hirtenberg-apotheke.at\/katalog\/wp-json\/wp\/v2\/product_tag?post=84849"}],"curies":[{"name":"wp","href":"https:\/\/api.w.org\/{rel}","templated":true}]}}