{"id":85353,"date":"2025-12-02T15:12:50","date_gmt":"2025-12-02T14:12:50","guid":{"rendered":"https:\/\/www.hirtenberg-apotheke.at\/katalog\/produkt\/femannosen-d-mannose-granulat-60-stk\/"},"modified":"2025-12-02T15:13:12","modified_gmt":"2025-12-02T14:13:12","slug":"femannosen-d-mannose-granulat-60-stk","status":"publish","type":"product","link":"https:\/\/www.hirtenberg-apotheke.at\/katalog\/produkt\/femannosen-d-mannose-granulat-60-stk\/","title":{"rendered":"FEMANNOSE\u00aeN D-Mannose Granulat 60 Stk."},"content":{"rendered":"<p>FEMANNOSE<span>\u00ae<\/span><span>N wirkt mit dem innovativen Wirkstoff D-Mannose bei Harnwegsinfekten und Blasenentz\u00fcndungen, die durch Escherichia coli (E. coli) Bakterien ausgel\u00f6st werden.<\/span><\/p>\n<p><u>Inhaltsstoffe<\/u><\/p>\n<p>Der Wirkstoff in FEMANNOSE<span>\u00ae<\/span>N ist D-Mannose, ein nat\u00fcrlicher Einfachzucker, der aus nicht-gentechnisch-ver\u00e4ndertem Mais gewonnen wird. D-Mannose gelangt unverstoffwechselt in die Blase und deaktiviert dort die E. coli Bakterien, die dann mit dem Urin ausgeschwemmt werden. Au\u00dferdem verhindert D-Mannose das Anhaften neuer E. coli Bakterien an der Blasenwand. Es werden keine Resistenzen gebildet. In jedem Sachet sind 2 Gramm D-Mannose enthalten.<\/p>\n<p><u>Anwendungsempfehlung<\/u><\/p>\n<p>FEMANNOSE<span>\u00ae<\/span>N kann im Akutfall und zur Pr\u00e4vention von Harnwegsinfekten und Blasenentz\u00fcndungen eingesetzt werden. Im Akutfall werden am 1. bis 3. Tag jeweils 3 Sachets eingenommen und am 4. und 5. Tag jeweils 2 Sachets. Zur Pr\u00e4vention kann 1 Sachet pro Tag eingenommen werden. Das Granulat wird in Wasser aufgel\u00f6st.<\/p>\n<p>FEMANNOSE<span>\u00ae<\/span>N kann von Erwachsenen und Jugendlichen ab 14 Jahren angewendet werden und ist ebenfalls f\u00fcr Schwangere, Stillende und Diabetiker geeignet.<\/p>\n<p><u>Zusammensetzung<\/u><\/p>\n<p>Ein Sachet FEMANNOSE<span>\u00ae<\/span>N enth\u00e4lt 2g D-Mannose. Sonstige Bestandteile sind: S\u00fc\u00dfungsmittel: Fructose, Sucralose; Zitronens\u00e4ure; Farbstoff: Rote Bete; Trennmittel: Siliziumdioxid; Aroma<\/p>\n","protected":false},"excerpt":{"rendered":"<p>FEMANNOSE\u00aeN wirkt mit dem innovativen Wirkstoff D-Mannose bei Harnwegsinfekten und Blasenentz\u00fcndungen, die durch Escherichia coli (E. coli) Bakterien ausgel\u00f6st werden. Inhaltsstoffe Der Wirkstoff in FEMANNOSE\u00aeN ist D-Mannose, ein nat\u00fcrlicher Einfachzucker, der aus nicht-gentechnisch-ver\u00e4ndertem Mais gewonnen wird. D-Mannose gelangt unverstoffwechselt in die Blase und deaktiviert dort die E. coli Bakterien, die dann mit dem Urin ausgeschwemmt [&hellip;]<\/p>\n","protected":false},"featured_media":85355,"template":"","meta":{"_acf_changed":false},"product_brand":[],"product_cat":[322],"product_tag":[],"class_list":{"0":"post-85353","1":"product","2":"type-product","3":"status-publish","4":"has-post-thumbnail","6":"product_cat-f","7":"pa_packungsgroesse-60-beutel","9":"first","10":"instock","11":"shipping-taxable","12":"purchasable","13":"product-type-simple"},"acf":[],"_links":{"self":[{"href":"https:\/\/www.hirtenberg-apotheke.at\/katalog\/wp-json\/wp\/v2\/product\/85353","targetHints":{"allow":["GET"]}}],"collection":[{"href":"https:\/\/www.hirtenberg-apotheke.at\/katalog\/wp-json\/wp\/v2\/product"}],"about":[{"href":"https:\/\/www.hirtenberg-apotheke.at\/katalog\/wp-json\/wp\/v2\/types\/product"}],"wp:featuredmedia":[{"embeddable":true,"href":"https:\/\/www.hirtenberg-apotheke.at\/katalog\/wp-json\/wp\/v2\/media\/85355"}],"wp:attachment":[{"href":"https:\/\/www.hirtenberg-apotheke.at\/katalog\/wp-json\/wp\/v2\/media?parent=85353"}],"wp:term":[{"taxonomy":"product_brand","embeddable":true,"href":"https:\/\/www.hirtenberg-apotheke.at\/katalog\/wp-json\/wp\/v2\/product_brand?post=85353"},{"taxonomy":"product_cat","embeddable":true,"href":"https:\/\/www.hirtenberg-apotheke.at\/katalog\/wp-json\/wp\/v2\/product_cat?post=85353"},{"taxonomy":"product_tag","embeddable":true,"href":"https:\/\/www.hirtenberg-apotheke.at\/katalog\/wp-json\/wp\/v2\/product_tag?post=85353"}],"curies":[{"name":"wp","href":"https:\/\/api.w.org\/{rel}","templated":true}]}}