{"id":85381,"date":"2025-12-02T15:13:43","date_gmt":"2025-12-02T14:13:43","guid":{"rendered":"https:\/\/www.hirtenberg-apotheke.at\/katalog\/produkt\/kinderpflaster-marienkaefer-20-stueck\/"},"modified":"2025-12-02T15:13:46","modified_gmt":"2025-12-02T14:13:46","slug":"kinderpflaster-marienkaefer-20-stueck","status":"publish","type":"product","link":"https:\/\/www.hirtenberg-apotheke.at\/katalog\/produkt\/kinderpflaster-marienkaefer-20-stueck\/","title":{"rendered":"Kinderpflaster Marienk\u00e4fer 20 St\u00fcck"},"content":{"rendered":"<p><b>Kinderpflaster<\/b><\/p>\n<p><\/p>\n<p>Nicht immer geht alles so glatt, wie die kleinen Entdecker sich das in ihrer Welt gern vorstellen. Dazu geh\u00f6rt auch, dass es mal zu einer Verletzung kommt. Ist die nicht besonders gro\u00df oder gef\u00e4hrlich, reicht meistens ein Pflaster. Mit einem Kinderpflaster ist so manches Wehwehchen leichter zu verschmerzen. Daher sind Pflaster f\u00fcr Kinder bei Eltern und Kindern gleicherma\u00dfen beliebt und als Helfer in der kindlichen Notsituation fast unerl\u00e4sslich.<\/p>\n<p><\/p>\n<p>Pflaster f\u00fcr Kinder helfen oftmals besser. Tut sich ein Baby oder Kleinkind mal weh, dann ist damit nicht selten die Laune im Eimer. Selbst bei kleineren harmlosen Verletzungen macht manches Kind ein ziemliches Geschrei. Das ist auch verst\u00e4ndlich, schlie\u00dflich muss das Kind erst lernen, was bei Verletzungen und Unf\u00e4llen passiert und wann es angebracht erscheint, dies auch lautstark mitzuteilen. Eltern, die ihren Kinder zum Trost oder auch zum echten Verarzten ein Pflaster speziell f\u00fcr Kinder auf die Wunde kleben, tun meist gut daran.<\/p>\n<p><\/p>\n<p>Denn ein Kinderpflaster zeigt dem Kind, dass man sich k\u00fcmmert und sich seine Eltern dem Schmerz und der leidlichen Erfahrung annehmen und das Kind auch ernst nehmen. So kann es also nicht schaden, einige Kinderpflaster im Haus zu haben, denn die Kinderpflaster werden in so ziemlich jeder Familie mal zum Einsatz kommen.<\/p>\n<p><\/p>\n<p> Inhalt: 20 St\u00fcck hygienisch einzeln verpackt<\/p>\n","protected":false},"excerpt":{"rendered":"<p>Kinderpflaster Nicht immer geht alles so glatt, wie die kleinen Entdecker sich das in ihrer Welt gern vorstellen. Dazu geh\u00f6rt auch, dass es mal zu einer Verletzung kommt. Ist die nicht besonders gro\u00df oder gef\u00e4hrlich, reicht meistens ein Pflaster. Mit einem Kinderpflaster ist so manches Wehwehchen leichter zu verschmerzen. Daher sind Pflaster f\u00fcr Kinder bei [&hellip;]<\/p>\n","protected":false},"featured_media":0,"template":"","meta":{"_acf_changed":false},"product_brand":[571],"product_cat":[387],"product_tag":[],"class_list":{"0":"post-85381","1":"product","2":"type-product","3":"status-publish","5":"product_brand-apofit","6":"product_cat-k","7":"pa_packungsgroesse-20-stueck","9":"first","10":"instock","11":"shipping-taxable","12":"purchasable","13":"product-type-simple"},"acf":[],"_links":{"self":[{"href":"https:\/\/www.hirtenberg-apotheke.at\/katalog\/wp-json\/wp\/v2\/product\/85381","targetHints":{"allow":["GET"]}}],"collection":[{"href":"https:\/\/www.hirtenberg-apotheke.at\/katalog\/wp-json\/wp\/v2\/product"}],"about":[{"href":"https:\/\/www.hirtenberg-apotheke.at\/katalog\/wp-json\/wp\/v2\/types\/product"}],"wp:attachment":[{"href":"https:\/\/www.hirtenberg-apotheke.at\/katalog\/wp-json\/wp\/v2\/media?parent=85381"}],"wp:term":[{"taxonomy":"product_brand","embeddable":true,"href":"https:\/\/www.hirtenberg-apotheke.at\/katalog\/wp-json\/wp\/v2\/product_brand?post=85381"},{"taxonomy":"product_cat","embeddable":true,"href":"https:\/\/www.hirtenberg-apotheke.at\/katalog\/wp-json\/wp\/v2\/product_cat?post=85381"},{"taxonomy":"product_tag","embeddable":true,"href":"https:\/\/www.hirtenberg-apotheke.at\/katalog\/wp-json\/wp\/v2\/product_tag?post=85381"}],"curies":[{"name":"wp","href":"https:\/\/api.w.org\/{rel}","templated":true}]}}