{"id":85544,"date":"2025-12-02T15:18:47","date_gmt":"2025-12-02T14:18:47","guid":{"rendered":"https:\/\/www.hirtenberg-apotheke.at\/katalog\/produkt\/tetesept-blubbersalz-vulkanland-50-g\/"},"modified":"2025-12-02T15:18:50","modified_gmt":"2025-12-02T14:18:50","slug":"tetesept-blubbersalz-vulkanland-50-g","status":"publish","type":"product","link":"https:\/\/www.hirtenberg-apotheke.at\/katalog\/produkt\/tetesept-blubbersalz-vulkanland-50-g\/","title":{"rendered":"Tetesept Blubbersalz Vulkanland 50 g"},"content":{"rendered":"<p>Tetesept Blubbersalz Vulkanland enth\u00e4lt eine speziell auf die empfindliche Kinderhaut abgestimmte Rezeptur mit reichhaltiger, pflegender Kakaobutter. Lebensmittelfarbe f\u00e4rbt das Wasser rotgelb f\u00fcr ein besonders abenteuerliches Blubber-Vergn\u00fcgen. Der Duft nach s\u00fc\u00dfen Fr\u00fcchten und lang anhaltender Schaum laden zum entspannen ein und sorgen f\u00fcr ein l\u00e4ngeres Badevergn\u00fcgen &#8211; dieses und weitere Produkte von tetesept mit hohem Rabatt bestellen!<\/p>\n","protected":false},"excerpt":{"rendered":"<p>Tetesept Blubbersalz Vulkanland enth\u00e4lt eine speziell auf die empfindliche Kinderhaut abgestimmte Rezeptur mit reichhaltiger, pflegender Kakaobutter. Lebensmittelfarbe f\u00e4rbt das Wasser rotgelb f\u00fcr ein besonders abenteuerliches Blubber-Vergn\u00fcgen. Der Duft nach s\u00fc\u00dfen Fr\u00fcchten und lang anhaltender Schaum laden zum entspannen ein und sorgen f\u00fcr ein l\u00e4ngeres Badevergn\u00fcgen &#8211; dieses und weitere Produkte von tetesept mit hohem Rabatt [&hellip;]<\/p>\n","protected":false},"featured_media":0,"template":"","meta":{"_acf_changed":false},"product_brand":[468],"product_cat":[319],"product_tag":[],"class_list":{"0":"post-85544","1":"product","2":"type-product","3":"status-publish","5":"product_brand-tetesept","6":"product_cat-t","7":"pa_packungsgroesse-50g","9":"first","10":"instock","11":"shipping-taxable","12":"purchasable","13":"product-type-simple"},"acf":[],"_links":{"self":[{"href":"https:\/\/www.hirtenberg-apotheke.at\/katalog\/wp-json\/wp\/v2\/product\/85544","targetHints":{"allow":["GET"]}}],"collection":[{"href":"https:\/\/www.hirtenberg-apotheke.at\/katalog\/wp-json\/wp\/v2\/product"}],"about":[{"href":"https:\/\/www.hirtenberg-apotheke.at\/katalog\/wp-json\/wp\/v2\/types\/product"}],"wp:attachment":[{"href":"https:\/\/www.hirtenberg-apotheke.at\/katalog\/wp-json\/wp\/v2\/media?parent=85544"}],"wp:term":[{"taxonomy":"product_brand","embeddable":true,"href":"https:\/\/www.hirtenberg-apotheke.at\/katalog\/wp-json\/wp\/v2\/product_brand?post=85544"},{"taxonomy":"product_cat","embeddable":true,"href":"https:\/\/www.hirtenberg-apotheke.at\/katalog\/wp-json\/wp\/v2\/product_cat?post=85544"},{"taxonomy":"product_tag","embeddable":true,"href":"https:\/\/www.hirtenberg-apotheke.at\/katalog\/wp-json\/wp\/v2\/product_tag?post=85544"}],"curies":[{"name":"wp","href":"https:\/\/api.w.org\/{rel}","templated":true}]}}