{"id":85625,"date":"2025-12-02T15:21:12","date_gmt":"2025-12-02T14:21:12","guid":{"rendered":"https:\/\/www.hirtenberg-apotheke.at\/katalog\/produkt\/kurkuma-ingwer-weihrauch-kapseln\/"},"modified":"2025-12-02T15:21:17","modified_gmt":"2025-12-02T14:21:17","slug":"kurkuma-ingwer-weihrauch-kapseln","status":"publish","type":"product","link":"https:\/\/www.hirtenberg-apotheke.at\/katalog\/produkt\/kurkuma-ingwer-weihrauch-kapseln\/","title":{"rendered":"Kurkuma \u2013 Ingwer \u2013 Weihrauch Kapseln"},"content":{"rendered":"<div>\n<ul>\n<li>Pflanzlicher Komplex mit Kurkuma, Ingwer, Weihrauch und schwarzem Pfeffer<\/li>\n<li>Enth\u00e4lt Extrakte aus der ayurvedischen Medizin<\/li>\n<li>Hochdosiert &amp; optimal kombiniert f\u00fcr eine ausgezeichnete Bioverf\u00fcgbarkeit<\/li>\n<li>Vielf\u00e4ltige Anwendungsm\u00f6glichkeiten<\/li>\n<li>Frei von Zusatzstoffen, vegan, laktose- und glutenfrei<\/li>\n<li>Hergestellt in Deutschland<\/li>\n<\/ul>\n<div><\/div>\n<\/div>\n<div>\n<p>Mit 588 mg Weihrauch Extrakt (Boswellia Serrata), 421 mg Curcuma Extrakt (mit 400 mg Curcuminoiden wie Curcumin), 150 mg Ingwer und schwarzem Pfeffer (je Tagesdosis). Frei von Zusatzstoffen wie Aromen, Farbstoffen, Stabilisatoren und Konservierungsmitteln. Vegan, laktose- und glutenfrei. Apothekenqualit\u00e4t &#8211; hergestellt in Deutschland.<\/p>\n<p><span><br \/><\/span><\/p>\n<p><span>Verzehrempfehlung:<\/span> 3x t\u00e4glich 1 Kapsel unzerkaut mit ausreichend Fl\u00fcssigkeit einnehmen.<span><\/span><\/p>\n<p><span><br \/><\/span><\/p>\n<p><span>Hinweis:<\/span>\u00a0<span>Die angegebene, empfohlene t\u00e4gliche Verzehrmenge darf nicht \u00fcberschritten werden. Nahrungserg\u00e4nzungsmittel sind kein Ersatz f\u00fcr eine ausgewogene und abwechslungsreiche Ern\u00e4hrung und eine gesunde Lebensweise. Gut verschlossen, trocken, k\u00fchl und au\u00dferhalb der Reichweite von Kindern lagern.<\/span><\/p>\n<\/div>\n","protected":false},"excerpt":{"rendered":"<p>Pflanzlicher Komplex mit Kurkuma, Ingwer, Weihrauch und schwarzem Pfeffer Enth\u00e4lt Extrakte aus der ayurvedischen Medizin Hochdosiert &amp; optimal kombiniert f\u00fcr eine ausgezeichnete Bioverf\u00fcgbarkeit Vielf\u00e4ltige Anwendungsm\u00f6glichkeiten Frei von Zusatzstoffen, vegan, laktose- und glutenfrei Hergestellt in Deutschland Mit 588 mg Weihrauch Extrakt (Boswellia Serrata), 421 mg Curcuma Extrakt (mit 400 mg Curcuminoiden wie Curcumin), 150 mg Ingwer [&hellip;]<\/p>\n","protected":false},"featured_media":85627,"template":"","meta":{"_acf_changed":false},"product_brand":[],"product_cat":[387],"product_tag":[],"class_list":{"0":"post-85625","1":"product","2":"type-product","3":"status-publish","4":"has-post-thumbnail","6":"product_cat-k","7":"pa_packungsgroesse-90-stueck","9":"first","10":"instock","11":"shipping-taxable","12":"purchasable","13":"product-type-simple"},"acf":[],"_links":{"self":[{"href":"https:\/\/www.hirtenberg-apotheke.at\/katalog\/wp-json\/wp\/v2\/product\/85625","targetHints":{"allow":["GET"]}}],"collection":[{"href":"https:\/\/www.hirtenberg-apotheke.at\/katalog\/wp-json\/wp\/v2\/product"}],"about":[{"href":"https:\/\/www.hirtenberg-apotheke.at\/katalog\/wp-json\/wp\/v2\/types\/product"}],"wp:featuredmedia":[{"embeddable":true,"href":"https:\/\/www.hirtenberg-apotheke.at\/katalog\/wp-json\/wp\/v2\/media\/85627"}],"wp:attachment":[{"href":"https:\/\/www.hirtenberg-apotheke.at\/katalog\/wp-json\/wp\/v2\/media?parent=85625"}],"wp:term":[{"taxonomy":"product_brand","embeddable":true,"href":"https:\/\/www.hirtenberg-apotheke.at\/katalog\/wp-json\/wp\/v2\/product_brand?post=85625"},{"taxonomy":"product_cat","embeddable":true,"href":"https:\/\/www.hirtenberg-apotheke.at\/katalog\/wp-json\/wp\/v2\/product_cat?post=85625"},{"taxonomy":"product_tag","embeddable":true,"href":"https:\/\/www.hirtenberg-apotheke.at\/katalog\/wp-json\/wp\/v2\/product_tag?post=85625"}],"curies":[{"name":"wp","href":"https:\/\/api.w.org\/{rel}","templated":true}]}}