{"id":85637,"date":"2025-12-02T15:21:32","date_gmt":"2025-12-02T14:21:32","guid":{"rendered":"https:\/\/www.hirtenberg-apotheke.at\/katalog\/produkt\/tetesept-knisterbad-raeuberbande-50-g\/"},"modified":"2025-12-02T15:21:35","modified_gmt":"2025-12-02T14:21:35","slug":"tetesept-knisterbad-raeuberbande-50-g","status":"publish","type":"product","link":"https:\/\/www.hirtenberg-apotheke.at\/katalog\/produkt\/tetesept-knisterbad-raeuberbande-50-g\/","title":{"rendered":"Tetesept Knisterbad R\u00e4uberbande 50 g"},"content":{"rendered":"<p>Tetesept Knisterbad R\u00e4uberbande knistert besonders lange und duftet fruchtig nach \u00c4pfel. Die Formel enth\u00e4lt das hautpflegende Macadamianuss\u00f6l sowie Kakaobutter, reinigt mild und ist besonders auf die empfindliche Kinderhaut abgestimmt &#8211; jetzt alle Produkte von tetesept zu g\u00fcnstigen Preisen online bestellen!<\/p>\n","protected":false},"excerpt":{"rendered":"<p>Tetesept Knisterbad R\u00e4uberbande knistert besonders lange und duftet fruchtig nach \u00c4pfel. Die Formel enth\u00e4lt das hautpflegende Macadamianuss\u00f6l sowie Kakaobutter, reinigt mild und ist besonders auf die empfindliche Kinderhaut abgestimmt &#8211; jetzt alle Produkte von tetesept zu g\u00fcnstigen Preisen online bestellen!<\/p>\n","protected":false},"featured_media":0,"template":"","meta":{"_acf_changed":false},"product_brand":[468],"product_cat":[319],"product_tag":[],"class_list":{"0":"post-85637","1":"product","2":"type-product","3":"status-publish","5":"product_brand-tetesept","6":"product_cat-t","7":"pa_packungsgroesse-50g","9":"first","10":"instock","11":"shipping-taxable","12":"purchasable","13":"product-type-simple"},"acf":[],"_links":{"self":[{"href":"https:\/\/www.hirtenberg-apotheke.at\/katalog\/wp-json\/wp\/v2\/product\/85637","targetHints":{"allow":["GET"]}}],"collection":[{"href":"https:\/\/www.hirtenberg-apotheke.at\/katalog\/wp-json\/wp\/v2\/product"}],"about":[{"href":"https:\/\/www.hirtenberg-apotheke.at\/katalog\/wp-json\/wp\/v2\/types\/product"}],"wp:attachment":[{"href":"https:\/\/www.hirtenberg-apotheke.at\/katalog\/wp-json\/wp\/v2\/media?parent=85637"}],"wp:term":[{"taxonomy":"product_brand","embeddable":true,"href":"https:\/\/www.hirtenberg-apotheke.at\/katalog\/wp-json\/wp\/v2\/product_brand?post=85637"},{"taxonomy":"product_cat","embeddable":true,"href":"https:\/\/www.hirtenberg-apotheke.at\/katalog\/wp-json\/wp\/v2\/product_cat?post=85637"},{"taxonomy":"product_tag","embeddable":true,"href":"https:\/\/www.hirtenberg-apotheke.at\/katalog\/wp-json\/wp\/v2\/product_tag?post=85637"}],"curies":[{"name":"wp","href":"https:\/\/api.w.org\/{rel}","templated":true}]}}