{"id":85927,"date":"2025-12-02T15:28:59","date_gmt":"2025-12-02T14:28:59","guid":{"rendered":"https:\/\/www.hirtenberg-apotheke.at\/katalog\/produkt\/zeinpharma-nadh-15-mg-kapseln\/"},"modified":"2025-12-02T15:29:07","modified_gmt":"2025-12-02T14:29:07","slug":"zeinpharma-nadh-15-mg-kapseln","status":"publish","type":"product","link":"https:\/\/www.hirtenberg-apotheke.at\/katalog\/produkt\/zeinpharma-nadh-15-mg-kapseln\/","title":{"rendered":"Zeinpharma NADH 15 mg Kapseln"},"content":{"rendered":"<p>NADH micro effect Kapseln von ZeinPharma\u00ae<br \/>Mit den NADH micro effect Kapseln von ZeinPharma\u00ae erhalten sie patentiertes, rein pflanzliches NADH. Jede Kapsel liefert Ihnen 15 mg bioaktives PANMOL\u00ae-NADH.<br \/>EU Patent #1562613<br \/>Mithilfe eines patentierten Verfahrens wird das PANMOL\u00ae-NADH aus reinen Naturstoffen hergestellt. Neben NADH sind auch pflanzliches Fett, Bienenfett sowie der Pflanzenfarbstoff Chlorophyll in dem PANMOL\u00ae-NADH enthalten. Das Chlorophyll gibt auch den ZeinPharma\u00ae NADH micro effect Kapseln eine tiefgr\u00fcne Farbe.<\/p>\n<p>\u00dcber Jahre stabil<br \/>Das patentierte Herstellungsverfahren stabilisiert das NADH so effektiv, dass das PANMOL\u00ae-NADH \u00fcber mehrere Jahre stabil ist. Dabei erfolgt die Mikroverkapselung auf rein nat\u00fcrliche Weise und ganz ohne Chemikalien.<br \/>Herk\u00f6mmliches NADH ist bei Raumtemperatur instabil und auch emfpindlich gegen\u00fcber Licht und Sauerstoff. Solche Produkte m\u00fcssen deshalb bei -15 bis -25 \u00b0 Celsius gelagert werden. Die NADH micro effect Kapseln von ZeinPharma\u00ae k\u00f6nnen hingegen auch bei Raumtemperatur aufbewahrt werden. <br \/>Vor wenigen Jahren noch war die NADH-Wirkung nur durch die intraven\u00f6se Verabreichung m\u00f6glich, da es zu dieser Zeit keine stabile Form von NADH gab. Aktive Vitamin B3 Form<br \/>NADH steht f\u00fcr Nikotinamid-Adenin-Dinucleotid-Hydrid und ist die aktive Form des Vitamin B3 (Niacin). NADH umgangssprachlich h\u00e4ufig wird auch als Coenzym 1 bezeichnet. Coenzyme unterst\u00fctzen im K\u00f6rper die Funktion von Enzymen. <br \/>Geeignet auch f\u00fcr Vegetarier.<br \/>Die NADH micro effect Kapseln enthalten\u00a0 rein nat\u00fcrliche Inhaltsstoffe und haben eine vegetarische Kapselh\u00fclle aus Cellulose. Somit k\u00f6nnen auch Vegetarier die NADH micro effect Kapseln nutzen. Vegetarier profitieren insbesondere von dem Verzehr von NADH, da dieses nat\u00fcrlicherweise vor allem in rohem Fleisch sowie Fisch enthalten ist. Nur wenig NADH findet sich hingegen in Gem\u00fcse und Obst.<\/p>\n<p><\/p>\n","protected":false},"excerpt":{"rendered":"<p>NADH micro effect Kapseln von ZeinPharma\u00aeMit den NADH micro effect Kapseln von ZeinPharma\u00ae erhalten sie patentiertes, rein pflanzliches NADH. Jede Kapsel liefert Ihnen 15 mg bioaktives PANMOL\u00ae-NADH.EU Patent #1562613Mithilfe eines patentierten Verfahrens wird das PANMOL\u00ae-NADH aus reinen Naturstoffen hergestellt. Neben NADH sind auch pflanzliches Fett, Bienenfett sowie der Pflanzenfarbstoff Chlorophyll in dem PANMOL\u00ae-NADH enthalten. Das [&hellip;]<\/p>\n","protected":false},"featured_media":85929,"template":"","meta":{"_acf_changed":false},"product_brand":[],"product_cat":[325],"product_tag":[],"class_list":{"0":"post-85927","1":"product","2":"type-product","3":"status-publish","4":"has-post-thumbnail","6":"product_cat-z","7":"pa_packungsgroesse-40-stueck","9":"first","10":"instock","11":"shipping-taxable","12":"purchasable","13":"product-type-simple"},"acf":[],"_links":{"self":[{"href":"https:\/\/www.hirtenberg-apotheke.at\/katalog\/wp-json\/wp\/v2\/product\/85927","targetHints":{"allow":["GET"]}}],"collection":[{"href":"https:\/\/www.hirtenberg-apotheke.at\/katalog\/wp-json\/wp\/v2\/product"}],"about":[{"href":"https:\/\/www.hirtenberg-apotheke.at\/katalog\/wp-json\/wp\/v2\/types\/product"}],"wp:featuredmedia":[{"embeddable":true,"href":"https:\/\/www.hirtenberg-apotheke.at\/katalog\/wp-json\/wp\/v2\/media\/85929"}],"wp:attachment":[{"href":"https:\/\/www.hirtenberg-apotheke.at\/katalog\/wp-json\/wp\/v2\/media?parent=85927"}],"wp:term":[{"taxonomy":"product_brand","embeddable":true,"href":"https:\/\/www.hirtenberg-apotheke.at\/katalog\/wp-json\/wp\/v2\/product_brand?post=85927"},{"taxonomy":"product_cat","embeddable":true,"href":"https:\/\/www.hirtenberg-apotheke.at\/katalog\/wp-json\/wp\/v2\/product_cat?post=85927"},{"taxonomy":"product_tag","embeddable":true,"href":"https:\/\/www.hirtenberg-apotheke.at\/katalog\/wp-json\/wp\/v2\/product_tag?post=85927"}],"curies":[{"name":"wp","href":"https:\/\/api.w.org\/{rel}","templated":true}]}}