{"id":8594,"date":"2025-11-25T13:43:09","date_gmt":"2025-11-25T12:43:09","guid":{"rendered":"https:\/\/www.hirtenberg-apotheke.at\/katalog\/produkt\/hafesan-saegepalme-pygeumrinde-brennnessel-birkenblaetter-kapseln-60-stk\/"},"modified":"2025-11-25T13:44:03","modified_gmt":"2025-11-25T12:44:03","slug":"hafesan-saegepalme-pygeumrinde-brennnessel-birkenblaetter-kapseln-60-stk","status":"publish","type":"product","link":"https:\/\/www.hirtenberg-apotheke.at\/katalog\/produkt\/hafesan-saegepalme-pygeumrinde-brennnessel-birkenblaetter-kapseln-60-stk\/","title":{"rendered":"Hafesan S\u00e4gepalme + Pygeumrinde + Brennnessel + Birkenbl\u00e4tter Kapseln 60 Stk."},"content":{"rendered":"<p>Hafesan\u00ae S\u00e4gepalme Pygeumrinde Brennnessel Birkenbl\u00e4tter Kapseln beugen verst\u00e4rktem Harndrang in der Nacht und einem schwachen Harnstrahl vor. Sie pflegen Harn- und Geschlechtsorgane und tragen zu einer St\u00e4rkung der Blasenmuskulatur bei.<\/p>\n","protected":false},"excerpt":{"rendered":"<p>Hafesan\u00ae S\u00e4gepalme Pygeumrinde Brennnessel Birkenbl\u00e4tter Kapseln beugen verst\u00e4rktem Harndrang in der Nacht und einem schwachen Harnstrahl vor. Sie pflegen Harn- und Geschlechtsorgane und tragen zu einer St\u00e4rkung der Blasenmuskulatur bei.<\/p>\n","protected":false},"featured_media":8596,"template":"","meta":{"_acf_changed":false},"product_brand":[329],"product_cat":[330],"product_tag":[],"class_list":{"0":"post-8594","1":"product","2":"type-product","3":"status-publish","4":"has-post-thumbnail","6":"product_brand-hafesan","7":"product_cat-h","8":"pa_packungsgroesse-60-stueck","10":"first","11":"instock","12":"shipping-taxable","13":"purchasable","14":"product-type-simple"},"acf":[],"_links":{"self":[{"href":"https:\/\/www.hirtenberg-apotheke.at\/katalog\/wp-json\/wp\/v2\/product\/8594","targetHints":{"allow":["GET"]}}],"collection":[{"href":"https:\/\/www.hirtenberg-apotheke.at\/katalog\/wp-json\/wp\/v2\/product"}],"about":[{"href":"https:\/\/www.hirtenberg-apotheke.at\/katalog\/wp-json\/wp\/v2\/types\/product"}],"wp:featuredmedia":[{"embeddable":true,"href":"https:\/\/www.hirtenberg-apotheke.at\/katalog\/wp-json\/wp\/v2\/media\/8596"}],"wp:attachment":[{"href":"https:\/\/www.hirtenberg-apotheke.at\/katalog\/wp-json\/wp\/v2\/media?parent=8594"}],"wp:term":[{"taxonomy":"product_brand","embeddable":true,"href":"https:\/\/www.hirtenberg-apotheke.at\/katalog\/wp-json\/wp\/v2\/product_brand?post=8594"},{"taxonomy":"product_cat","embeddable":true,"href":"https:\/\/www.hirtenberg-apotheke.at\/katalog\/wp-json\/wp\/v2\/product_cat?post=8594"},{"taxonomy":"product_tag","embeddable":true,"href":"https:\/\/www.hirtenberg-apotheke.at\/katalog\/wp-json\/wp\/v2\/product_tag?post=8594"}],"curies":[{"name":"wp","href":"https:\/\/api.w.org\/{rel}","templated":true}]}}