{"id":86013,"date":"2025-12-02T15:30:25","date_gmt":"2025-12-02T14:30:25","guid":{"rendered":"https:\/\/www.hirtenberg-apotheke.at\/katalog\/produkt\/l-carnitin-500-mg-kapseln\/"},"modified":"2025-12-02T15:30:27","modified_gmt":"2025-12-02T14:30:27","slug":"l-carnitin-500-mg-kapseln","status":"publish","type":"product","link":"https:\/\/www.hirtenberg-apotheke.at\/katalog\/produkt\/l-carnitin-500-mg-kapseln\/","title":{"rendered":"L-Carnitin 500 mg Kapseln"},"content":{"rendered":"<p><b>Nahrungserg\u00e4nzungsmittel mit L-Carnitin<\/b><\/p>\n<div>L-Carnitin 500 mg enth\u00e4lt die Reinsubstanz des Wirkstoffes in Form naturidentischen L-Carnitin-Tartrats mit einer besonders hohen Bioverf\u00fcgbarkeit. <\/div>\n<div>Reines L-Carnitin-Tartrat in einer Cellulosekapsel. 100 % frei von Zusatzstoffen.<\/div>\n<div><\/div>\n<div>Enth\u00e4lt 60 Kapseln<\/div>\n<div><\/div>\n<div>Vegan | Ohne Gentechnik<\/div>\n<div><\/div>\n<div><\/div>\n","protected":false},"excerpt":{"rendered":"<p>Nahrungserg\u00e4nzungsmittel mit L-Carnitin L-Carnitin 500 mg enth\u00e4lt die Reinsubstanz des Wirkstoffes in Form naturidentischen L-Carnitin-Tartrats mit einer besonders hohen Bioverf\u00fcgbarkeit. Reines L-Carnitin-Tartrat in einer Cellulosekapsel. 100 % frei von Zusatzstoffen. Enth\u00e4lt 60 Kapseln Vegan | Ohne Gentechnik<\/p>\n","protected":false},"featured_media":0,"template":"","meta":{"_acf_changed":false},"product_brand":[],"product_cat":[317],"product_tag":[],"class_list":{"0":"post-86013","1":"product","2":"type-product","3":"status-publish","5":"product_cat-l","6":"pa_packungsgroesse-60-stueck","8":"first","9":"instock","10":"shipping-taxable","11":"purchasable","12":"product-type-simple"},"acf":[],"_links":{"self":[{"href":"https:\/\/www.hirtenberg-apotheke.at\/katalog\/wp-json\/wp\/v2\/product\/86013","targetHints":{"allow":["GET"]}}],"collection":[{"href":"https:\/\/www.hirtenberg-apotheke.at\/katalog\/wp-json\/wp\/v2\/product"}],"about":[{"href":"https:\/\/www.hirtenberg-apotheke.at\/katalog\/wp-json\/wp\/v2\/types\/product"}],"wp:attachment":[{"href":"https:\/\/www.hirtenberg-apotheke.at\/katalog\/wp-json\/wp\/v2\/media?parent=86013"}],"wp:term":[{"taxonomy":"product_brand","embeddable":true,"href":"https:\/\/www.hirtenberg-apotheke.at\/katalog\/wp-json\/wp\/v2\/product_brand?post=86013"},{"taxonomy":"product_cat","embeddable":true,"href":"https:\/\/www.hirtenberg-apotheke.at\/katalog\/wp-json\/wp\/v2\/product_cat?post=86013"},{"taxonomy":"product_tag","embeddable":true,"href":"https:\/\/www.hirtenberg-apotheke.at\/katalog\/wp-json\/wp\/v2\/product_tag?post=86013"}],"curies":[{"name":"wp","href":"https:\/\/api.w.org\/{rel}","templated":true}]}}