{"id":8641,"date":"2025-11-25T13:44:08","date_gmt":"2025-11-25T12:44:08","guid":{"rendered":"https:\/\/www.hirtenberg-apotheke.at\/katalog\/produkt\/alpinamed-prostata-plus-kapseln-30-stk\/"},"modified":"2025-11-25T13:44:43","modified_gmt":"2025-11-25T12:44:43","slug":"alpinamed-prostata-plus-kapseln-30-stk","status":"publish","type":"product","link":"https:\/\/www.hirtenberg-apotheke.at\/katalog\/produkt\/alpinamed-prostata-plus-kapseln-30-stk\/","title":{"rendered":"Alpinamed Prostata Plus Kapseln 30 Stk."},"content":{"rendered":"<p>ALPINAMED\u00ae Prostata Plus Kapseln mit dem Extrakt aus hochwirksamen S\u00e4gepalmfr\u00fcchten hellfen Beschwerden wie h\u00e4ufiges Wasser lassen, schwacher Harnstrahl oder das Gef\u00fchl einer unvollst\u00e4ndig entleerten Blase zu lindern.<\/p>\n","protected":false},"excerpt":{"rendered":"<p>ALPINAMED\u00ae Prostata Plus Kapseln mit dem Extrakt aus hochwirksamen S\u00e4gepalmfr\u00fcchten hellfen Beschwerden wie h\u00e4ufiges Wasser lassen, schwacher Harnstrahl oder das Gef\u00fchl einer unvollst\u00e4ndig entleerten Blase zu lindern.<\/p>\n","protected":false},"featured_media":8643,"template":"","meta":{"_acf_changed":false},"product_brand":[298],"product_cat":[299],"product_tag":[],"class_list":{"0":"post-8641","1":"product","2":"type-product","3":"status-publish","4":"has-post-thumbnail","6":"product_brand-alpinamed","7":"product_cat-a","8":"pa_packungsgroesse-30-stueck","10":"first","11":"instock","12":"shipping-taxable","13":"purchasable","14":"product-type-simple"},"acf":[],"_links":{"self":[{"href":"https:\/\/www.hirtenberg-apotheke.at\/katalog\/wp-json\/wp\/v2\/product\/8641","targetHints":{"allow":["GET"]}}],"collection":[{"href":"https:\/\/www.hirtenberg-apotheke.at\/katalog\/wp-json\/wp\/v2\/product"}],"about":[{"href":"https:\/\/www.hirtenberg-apotheke.at\/katalog\/wp-json\/wp\/v2\/types\/product"}],"wp:featuredmedia":[{"embeddable":true,"href":"https:\/\/www.hirtenberg-apotheke.at\/katalog\/wp-json\/wp\/v2\/media\/8643"}],"wp:attachment":[{"href":"https:\/\/www.hirtenberg-apotheke.at\/katalog\/wp-json\/wp\/v2\/media?parent=8641"}],"wp:term":[{"taxonomy":"product_brand","embeddable":true,"href":"https:\/\/www.hirtenberg-apotheke.at\/katalog\/wp-json\/wp\/v2\/product_brand?post=8641"},{"taxonomy":"product_cat","embeddable":true,"href":"https:\/\/www.hirtenberg-apotheke.at\/katalog\/wp-json\/wp\/v2\/product_cat?post=8641"},{"taxonomy":"product_tag","embeddable":true,"href":"https:\/\/www.hirtenberg-apotheke.at\/katalog\/wp-json\/wp\/v2\/product_tag?post=8641"}],"curies":[{"name":"wp","href":"https:\/\/api.w.org\/{rel}","templated":true}]}}