{"id":86926,"date":"2025-12-02T15:59:59","date_gmt":"2025-12-02T14:59:59","guid":{"rendered":"https:\/\/www.hirtenberg-apotheke.at\/katalog\/produkt\/oekopharm44-gedaechtnis-saft\/"},"modified":"2025-12-02T16:00:53","modified_gmt":"2025-12-02T15:00:53","slug":"oekopharm44-gedaechtnis-saft","status":"publish","type":"product","link":"https:\/\/www.hirtenberg-apotheke.at\/katalog\/produkt\/oekopharm44-gedaechtnis-saft\/","title":{"rendered":"\u00d6kopharm44 Ged\u00e4chtnis Saft"},"content":{"rendered":"<p>Der \u00d6kopharm44 Ged\u00e4chtnis Wirkkomplex hilft einfach die geistige Leistungsf\u00e4higkeit zu steigern.<\/p>\n","protected":false},"excerpt":{"rendered":"<p>Der \u00d6kopharm44 Ged\u00e4chtnis Wirkkomplex hilft einfach die geistige Leistungsf\u00e4higkeit zu steigern.<\/p>\n","protected":false},"featured_media":86928,"template":"","meta":{"_acf_changed":false},"product_brand":[342],"product_cat":[299],"product_tag":[],"class_list":{"0":"post-86926","1":"product","2":"type-product","3":"status-publish","4":"has-post-thumbnail","6":"product_brand-oekopharm","7":"product_cat-a","8":"pa_packungsgroesse-300ml","10":"first","11":"instock","12":"shipping-taxable","13":"purchasable","14":"product-type-simple"},"acf":[],"_links":{"self":[{"href":"https:\/\/www.hirtenberg-apotheke.at\/katalog\/wp-json\/wp\/v2\/product\/86926","targetHints":{"allow":["GET"]}}],"collection":[{"href":"https:\/\/www.hirtenberg-apotheke.at\/katalog\/wp-json\/wp\/v2\/product"}],"about":[{"href":"https:\/\/www.hirtenberg-apotheke.at\/katalog\/wp-json\/wp\/v2\/types\/product"}],"wp:featuredmedia":[{"embeddable":true,"href":"https:\/\/www.hirtenberg-apotheke.at\/katalog\/wp-json\/wp\/v2\/media\/86928"}],"wp:attachment":[{"href":"https:\/\/www.hirtenberg-apotheke.at\/katalog\/wp-json\/wp\/v2\/media?parent=86926"}],"wp:term":[{"taxonomy":"product_brand","embeddable":true,"href":"https:\/\/www.hirtenberg-apotheke.at\/katalog\/wp-json\/wp\/v2\/product_brand?post=86926"},{"taxonomy":"product_cat","embeddable":true,"href":"https:\/\/www.hirtenberg-apotheke.at\/katalog\/wp-json\/wp\/v2\/product_cat?post=86926"},{"taxonomy":"product_tag","embeddable":true,"href":"https:\/\/www.hirtenberg-apotheke.at\/katalog\/wp-json\/wp\/v2\/product_tag?post=86926"}],"curies":[{"name":"wp","href":"https:\/\/api.w.org\/{rel}","templated":true}]}}