{"id":87060,"date":"2025-12-02T16:15:13","date_gmt":"2025-12-02T15:15:13","guid":{"rendered":"https:\/\/www.hirtenberg-apotheke.at\/katalog\/produkt\/tantills-halspastillen-honeylemon\/"},"modified":"2025-12-02T16:15:58","modified_gmt":"2025-12-02T15:15:58","slug":"tantills-halspastillen-honeylemon","status":"publish","type":"product","link":"https:\/\/www.hirtenberg-apotheke.at\/katalog\/produkt\/tantills-halspastillen-honeylemon\/","title":{"rendered":"Tantills\u00ae Halspastillen HoneyLemon"},"content":{"rendered":"<p>Tantills\u00ae Halspastillen HoneyLemon 24 Stk. enthalten einen Wirkkomplex aus Eichenrindenextrakt und pflanzlichem Glycerin, der Halsschmerzen nat\u00fcrlich lindert. Diese einzigartige Kombination wirkt auf die angeschwollenen und entz\u00fcndeten Schleimh\u00e4ute und l\u00e4sst diese wieder abschwellen.<\/p>\n","protected":false},"excerpt":{"rendered":"<p>Tantills\u00ae Halspastillen HoneyLemon 24 Stk. enthalten einen Wirkkomplex aus Eichenrindenextrakt und pflanzlichem Glycerin, der Halsschmerzen nat\u00fcrlich lindert. Diese einzigartige Kombination wirkt auf die angeschwollenen und entz\u00fcndeten Schleimh\u00e4ute und l\u00e4sst diese wieder abschwellen.<\/p>\n","protected":false},"featured_media":87062,"template":"","meta":{"_acf_changed":false},"product_brand":[1423],"product_cat":[319],"product_tag":[],"class_list":{"0":"post-87060","1":"product","2":"type-product","3":"status-publish","4":"has-post-thumbnail","6":"product_brand-tantills","7":"product_cat-t","8":"pa_packungsgroesse-24-stueck","10":"first","11":"instock","12":"shipping-taxable","13":"purchasable","14":"product-type-simple"},"acf":[],"_links":{"self":[{"href":"https:\/\/www.hirtenberg-apotheke.at\/katalog\/wp-json\/wp\/v2\/product\/87060","targetHints":{"allow":["GET"]}}],"collection":[{"href":"https:\/\/www.hirtenberg-apotheke.at\/katalog\/wp-json\/wp\/v2\/product"}],"about":[{"href":"https:\/\/www.hirtenberg-apotheke.at\/katalog\/wp-json\/wp\/v2\/types\/product"}],"wp:featuredmedia":[{"embeddable":true,"href":"https:\/\/www.hirtenberg-apotheke.at\/katalog\/wp-json\/wp\/v2\/media\/87062"}],"wp:attachment":[{"href":"https:\/\/www.hirtenberg-apotheke.at\/katalog\/wp-json\/wp\/v2\/media?parent=87060"}],"wp:term":[{"taxonomy":"product_brand","embeddable":true,"href":"https:\/\/www.hirtenberg-apotheke.at\/katalog\/wp-json\/wp\/v2\/product_brand?post=87060"},{"taxonomy":"product_cat","embeddable":true,"href":"https:\/\/www.hirtenberg-apotheke.at\/katalog\/wp-json\/wp\/v2\/product_cat?post=87060"},{"taxonomy":"product_tag","embeddable":true,"href":"https:\/\/www.hirtenberg-apotheke.at\/katalog\/wp-json\/wp\/v2\/product_tag?post=87060"}],"curies":[{"name":"wp","href":"https:\/\/api.w.org\/{rel}","templated":true}]}}