{"id":87069,"date":"2025-12-02T16:15:58","date_gmt":"2025-12-02T15:15:58","guid":{"rendered":"https:\/\/www.hirtenberg-apotheke.at\/katalog\/produkt\/femannosep-produo-granulat-20-stk\/"},"modified":"2025-12-02T16:16:10","modified_gmt":"2025-12-02T15:16:10","slug":"femannosep-produo-granulat-20-stk","status":"publish","type":"product","link":"https:\/\/www.hirtenberg-apotheke.at\/katalog\/produkt\/femannosep-produo-granulat-20-stk\/","title":{"rendered":"FEMANNOSE\u00aeP ProDuo Granulat 20 Stk."},"content":{"rendered":"<p>Die innovative Kombination aus D-Mannose und dem probiotischen Hefepilz <i>S. boulardii<\/i>!<\/p>\n<div><\/div>\n<div>\n<p><u>Inhaltsstoffe<\/u><\/p>\n<p>Ein Doppelkammersachet FEMANNOSE<span>\u00ae<\/span>P ProDuo enth\u00e4lt 2 Gramm D-Mannose, ein nat\u00fcrlicher Einfachzucker, der aus nicht-gentechnisch-ver\u00e4ndertem Mais gewonnen wird. 2 Milliarden koloniebildende Einheiten des probiotischen Hefepilz\u00a0<i>S. boulardii <\/i><span>sind ebenfalls in\u00a0<\/span>FEMANNOSE\u00aeP ProDuo<span>\u00a0enthalten. Erg\u00e4nzt wird diese Zusammensetzung durch 100 mg proanthocyanidinreichem Preiselbeer-Extrakt (25 mg PAC pro Doppelkammersachet) f\u00fcr die Gesunderhaltung der Harnwege und 6,6 \u00b5g (132% NRV) Vitamin D3 zur Unterst\u00fctzung des Immunsystems.\u00a0<\/span><span>Die zeitgleiche Einnahme mit Antibiotika ist m\u00f6glich, da\u00a0<\/span><i>Saccharomyces boulardii\u00a0<\/i><span>nicht von Antibiotika beeinflusst wird.<\/span><\/p>\n<p><span><br \/><\/span><\/p>\n<p><u>Einnahmeempfehlung<\/u><\/p>\n<p>3 Doppelkammersachets pro Tag k\u00f6nnen von Erwachsenen und Jugendlichen eingenommen werden. Beide Kammern des Doppelkammersachets \u00f6ffnen und den Inhalt in einem Glas Wasser (200 ml) gut verr\u00fchren. Ein auftretender Bodensatz nach dem Verr\u00fchren ist unbedenklich und sollte mitverzehrt werden.<\/p>\n<p><\/p>\n<p><u>Zusammensetzung<\/u><\/p>\n<p>Ein Doppelkammersachet\u00a0FEMANNOSE\u00aeP ProDuo enth\u00e4lt 2g D-Mannose, 2 Mrd. KbE <i>S. boulardii<\/i>, 100 mg Preiselbeer-Extrakt und 6,6\u00b5g Vitamin D3. Sonstige Bestandteile sind: Fruktose; F\u00fcllstoff Sorbit; Inulin; S\u00e4uerungsmittel Citronens\u00e4ure; S\u00fc\u00dfungsmittel Sucralose; Trennmittel Siliciumdioxid, Aroma.<\/p>\n<p>Glutenfrei, laktosefrei<\/p>\n<\/div>\n","protected":false},"excerpt":{"rendered":"<p>Die innovative Kombination aus D-Mannose und dem probiotischen Hefepilz S. boulardii! Inhaltsstoffe Ein Doppelkammersachet FEMANNOSE\u00aeP ProDuo enth\u00e4lt 2 Gramm D-Mannose, ein nat\u00fcrlicher Einfachzucker, der aus nicht-gentechnisch-ver\u00e4ndertem Mais gewonnen wird. 2 Milliarden koloniebildende Einheiten des probiotischen Hefepilz\u00a0S. boulardii sind ebenfalls in\u00a0FEMANNOSE\u00aeP ProDuo\u00a0enthalten. Erg\u00e4nzt wird diese Zusammensetzung durch 100 mg proanthocyanidinreichem Preiselbeer-Extrakt (25 mg PAC pro Doppelkammersachet) [&hellip;]<\/p>\n","protected":false},"featured_media":0,"template":"","meta":{"_acf_changed":false},"product_brand":[],"product_cat":[322],"product_tag":[],"class_list":{"0":"post-87069","1":"product","2":"type-product","3":"status-publish","5":"product_cat-f","6":"pa_packungsgroesse-20-beutel","8":"first","9":"instock","10":"shipping-taxable","11":"purchasable","12":"product-type-simple"},"acf":[],"_links":{"self":[{"href":"https:\/\/www.hirtenberg-apotheke.at\/katalog\/wp-json\/wp\/v2\/product\/87069","targetHints":{"allow":["GET"]}}],"collection":[{"href":"https:\/\/www.hirtenberg-apotheke.at\/katalog\/wp-json\/wp\/v2\/product"}],"about":[{"href":"https:\/\/www.hirtenberg-apotheke.at\/katalog\/wp-json\/wp\/v2\/types\/product"}],"wp:attachment":[{"href":"https:\/\/www.hirtenberg-apotheke.at\/katalog\/wp-json\/wp\/v2\/media?parent=87069"}],"wp:term":[{"taxonomy":"product_brand","embeddable":true,"href":"https:\/\/www.hirtenberg-apotheke.at\/katalog\/wp-json\/wp\/v2\/product_brand?post=87069"},{"taxonomy":"product_cat","embeddable":true,"href":"https:\/\/www.hirtenberg-apotheke.at\/katalog\/wp-json\/wp\/v2\/product_cat?post=87069"},{"taxonomy":"product_tag","embeddable":true,"href":"https:\/\/www.hirtenberg-apotheke.at\/katalog\/wp-json\/wp\/v2\/product_tag?post=87069"}],"curies":[{"name":"wp","href":"https:\/\/api.w.org\/{rel}","templated":true}]}}