{"id":87235,"date":"2025-12-02T16:20:25","date_gmt":"2025-12-02T15:20:25","guid":{"rendered":"https:\/\/www.hirtenberg-apotheke.at\/katalog\/produkt\/wick-medinait-erkaeltungssirup-fuer-die-nacht-180-ml\/"},"modified":"2025-12-02T16:20:36","modified_gmt":"2025-12-02T15:20:36","slug":"wick-medinait-erkaeltungssirup-fuer-die-nacht-180-ml","status":"publish","type":"product","link":"https:\/\/www.hirtenberg-apotheke.at\/katalog\/produkt\/wick-medinait-erkaeltungssirup-fuer-die-nacht-180-ml\/","title":{"rendered":"WICK MediNait Erk\u00e4ltungssirup f\u00fcr die Nacht 180 ml"},"content":{"rendered":"<p>WICK MediNait Erk\u00e4ltungssirup f\u00fcr die Nacht enth\u00e4lt eine einzigartige Wirkstoffkombination und dient der symptomatischen Behandlung von gemeinsam auftretenden Beschwerden wie Kopf-, Glieder- oder Halsschmerzen, Fieber, Schnupfen und Reizhusten infolge einer Erk\u00e4ltung oder einem grippalen Infekt.<\/p>\n","protected":false},"excerpt":{"rendered":"<p>WICK MediNait Erk\u00e4ltungssirup f\u00fcr die Nacht enth\u00e4lt eine einzigartige Wirkstoffkombination und dient der symptomatischen Behandlung von gemeinsam auftretenden Beschwerden wie Kopf-, Glieder- oder Halsschmerzen, Fieber, Schnupfen und Reizhusten infolge einer Erk\u00e4ltung oder einem grippalen Infekt.<\/p>\n","protected":false},"featured_media":87237,"template":"","meta":{"_acf_changed":false},"product_brand":[503],"product_cat":[368],"product_tag":[],"class_list":{"0":"post-87235","1":"product","2":"type-product","3":"status-publish","4":"has-post-thumbnail","6":"product_brand-wick","7":"product_cat-w","8":"pa_packungsgroesse-180ml","10":"first","11":"instock","12":"shipping-taxable","13":"purchasable","14":"product-type-simple"},"acf":[],"_links":{"self":[{"href":"https:\/\/www.hirtenberg-apotheke.at\/katalog\/wp-json\/wp\/v2\/product\/87235","targetHints":{"allow":["GET"]}}],"collection":[{"href":"https:\/\/www.hirtenberg-apotheke.at\/katalog\/wp-json\/wp\/v2\/product"}],"about":[{"href":"https:\/\/www.hirtenberg-apotheke.at\/katalog\/wp-json\/wp\/v2\/types\/product"}],"wp:featuredmedia":[{"embeddable":true,"href":"https:\/\/www.hirtenberg-apotheke.at\/katalog\/wp-json\/wp\/v2\/media\/87237"}],"wp:attachment":[{"href":"https:\/\/www.hirtenberg-apotheke.at\/katalog\/wp-json\/wp\/v2\/media?parent=87235"}],"wp:term":[{"taxonomy":"product_brand","embeddable":true,"href":"https:\/\/www.hirtenberg-apotheke.at\/katalog\/wp-json\/wp\/v2\/product_brand?post=87235"},{"taxonomy":"product_cat","embeddable":true,"href":"https:\/\/www.hirtenberg-apotheke.at\/katalog\/wp-json\/wp\/v2\/product_cat?post=87235"},{"taxonomy":"product_tag","embeddable":true,"href":"https:\/\/www.hirtenberg-apotheke.at\/katalog\/wp-json\/wp\/v2\/product_tag?post=87235"}],"curies":[{"name":"wp","href":"https:\/\/api.w.org\/{rel}","templated":true}]}}