{"id":87238,"date":"2025-12-02T16:20:25","date_gmt":"2025-12-02T15:20:25","guid":{"rendered":"https:\/\/www.hirtenberg-apotheke.at\/katalog\/produkt\/stieprox-intensiv-shampoo-100-ml\/"},"modified":"2025-12-02T16:20:55","modified_gmt":"2025-12-02T15:20:55","slug":"stieprox-intensiv-shampoo-100-ml","status":"publish","type":"product","link":"https:\/\/www.hirtenberg-apotheke.at\/katalog\/produkt\/stieprox-intensiv-shampoo-100-ml\/","title":{"rendered":"Stieprox Intensiv Shampoo 100 ml"},"content":{"rendered":"<p>Stieprox Intensiv Shampoo enth\u00e4lt den Wirkstoff Ciclopirox-Olamin. Dieser geh\u00f6rt zur Gruppe der Antimykotika. Stieprox-Shampoo wird zur Behandlung von ger\u00f6teter, juckender und sich schuppender Kopfhaut verwendet.<\/p>\n","protected":false},"excerpt":{"rendered":"<p>Stieprox Intensiv Shampoo enth\u00e4lt den Wirkstoff Ciclopirox-Olamin. Dieser geh\u00f6rt zur Gruppe der Antimykotika. Stieprox-Shampoo wird zur Behandlung von ger\u00f6teter, juckender und sich schuppender Kopfhaut verwendet.<\/p>\n","protected":false},"featured_media":87240,"template":"","meta":{"_acf_changed":false},"product_brand":[],"product_cat":[303],"product_tag":[],"class_list":{"0":"post-87238","1":"product","2":"type-product","3":"status-publish","4":"has-post-thumbnail","6":"product_cat-s","7":"pa_packungsgroesse-100ml","9":"first","10":"instock","11":"shipping-taxable","12":"purchasable","13":"product-type-simple"},"acf":[],"_links":{"self":[{"href":"https:\/\/www.hirtenberg-apotheke.at\/katalog\/wp-json\/wp\/v2\/product\/87238","targetHints":{"allow":["GET"]}}],"collection":[{"href":"https:\/\/www.hirtenberg-apotheke.at\/katalog\/wp-json\/wp\/v2\/product"}],"about":[{"href":"https:\/\/www.hirtenberg-apotheke.at\/katalog\/wp-json\/wp\/v2\/types\/product"}],"wp:featuredmedia":[{"embeddable":true,"href":"https:\/\/www.hirtenberg-apotheke.at\/katalog\/wp-json\/wp\/v2\/media\/87240"}],"wp:attachment":[{"href":"https:\/\/www.hirtenberg-apotheke.at\/katalog\/wp-json\/wp\/v2\/media?parent=87238"}],"wp:term":[{"taxonomy":"product_brand","embeddable":true,"href":"https:\/\/www.hirtenberg-apotheke.at\/katalog\/wp-json\/wp\/v2\/product_brand?post=87238"},{"taxonomy":"product_cat","embeddable":true,"href":"https:\/\/www.hirtenberg-apotheke.at\/katalog\/wp-json\/wp\/v2\/product_cat?post=87238"},{"taxonomy":"product_tag","embeddable":true,"href":"https:\/\/www.hirtenberg-apotheke.at\/katalog\/wp-json\/wp\/v2\/product_tag?post=87238"}],"curies":[{"name":"wp","href":"https:\/\/api.w.org\/{rel}","templated":true}]}}