{"id":87731,"date":"2025-12-02T16:34:57","date_gmt":"2025-12-02T15:34:57","guid":{"rendered":"https:\/\/www.hirtenberg-apotheke.at\/katalog\/produkt\/daflon-500-mg-filmtabletten-3\/"},"modified":"2025-12-02T16:35:26","modified_gmt":"2025-12-02T15:35:26","slug":"daflon-500-mg-filmtabletten-3","status":"publish","type":"product","link":"https:\/\/www.hirtenberg-apotheke.at\/katalog\/produkt\/daflon-500-mg-filmtabletten-3\/","title":{"rendered":"Daflon 500 mg &#8211; Filmtabletten"},"content":{"rendered":"<p>Daflon 500 mg Filmtabletten 60 Stk. sind ein Venentherapeutikum zur Behandlung von funktionellen Symptomen bei chronischer Veneninsuffizienz der Beine, insbesondere Schweregef\u00fchl, Schmerzen und n\u00e4chtliche Wadenkr\u00e4mpfe. Zugleich werden auch durch H\u00e4morrhoiden hervorgerufene Beschwerden g\u00fcnstig beeinflusst.<\/p>\n","protected":false},"excerpt":{"rendered":"<p>Daflon 500 mg Filmtabletten 60 Stk. sind ein Venentherapeutikum zur Behandlung von funktionellen Symptomen bei chronischer Veneninsuffizienz der Beine, insbesondere Schweregef\u00fchl, Schmerzen und n\u00e4chtliche Wadenkr\u00e4mpfe. Zugleich werden auch durch H\u00e4morrhoiden hervorgerufene Beschwerden g\u00fcnstig beeinflusst.<\/p>\n","protected":false},"featured_media":87733,"template":"","meta":{"_acf_changed":false},"product_brand":[],"product_cat":[295],"product_tag":[],"class_list":{"0":"post-87731","1":"product","2":"type-product","3":"status-publish","4":"has-post-thumbnail","6":"product_cat-d","7":"pa_packungsgroesse-60-stueck","9":"first","10":"instock","11":"shipping-taxable","12":"purchasable","13":"product-type-simple"},"acf":[],"_links":{"self":[{"href":"https:\/\/www.hirtenberg-apotheke.at\/katalog\/wp-json\/wp\/v2\/product\/87731","targetHints":{"allow":["GET"]}}],"collection":[{"href":"https:\/\/www.hirtenberg-apotheke.at\/katalog\/wp-json\/wp\/v2\/product"}],"about":[{"href":"https:\/\/www.hirtenberg-apotheke.at\/katalog\/wp-json\/wp\/v2\/types\/product"}],"wp:featuredmedia":[{"embeddable":true,"href":"https:\/\/www.hirtenberg-apotheke.at\/katalog\/wp-json\/wp\/v2\/media\/87733"}],"wp:attachment":[{"href":"https:\/\/www.hirtenberg-apotheke.at\/katalog\/wp-json\/wp\/v2\/media?parent=87731"}],"wp:term":[{"taxonomy":"product_brand","embeddable":true,"href":"https:\/\/www.hirtenberg-apotheke.at\/katalog\/wp-json\/wp\/v2\/product_brand?post=87731"},{"taxonomy":"product_cat","embeddable":true,"href":"https:\/\/www.hirtenberg-apotheke.at\/katalog\/wp-json\/wp\/v2\/product_cat?post=87731"},{"taxonomy":"product_tag","embeddable":true,"href":"https:\/\/www.hirtenberg-apotheke.at\/katalog\/wp-json\/wp\/v2\/product_tag?post=87731"}],"curies":[{"name":"wp","href":"https:\/\/api.w.org\/{rel}","templated":true}]}}