{"id":87925,"date":"2025-12-02T16:40:57","date_gmt":"2025-12-02T15:40:57","guid":{"rendered":"https:\/\/www.hirtenberg-apotheke.at\/katalog\/produkt\/apofit-aetherisches-oel-zimtsterne-10-ml\/"},"modified":"2025-12-02T16:41:06","modified_gmt":"2025-12-02T15:41:06","slug":"apofit-aetherisches-oel-zimtsterne-10-ml","status":"publish","type":"product","link":"https:\/\/www.hirtenberg-apotheke.at\/katalog\/produkt\/apofit-aetherisches-oel-zimtsterne-10-ml\/","title":{"rendered":"Apofit \u00c4therisches \u00d6l Zimtsterne 10 ml"},"content":{"rendered":"<p>Apofit \u00c4therisches \u00d6l Zimtsterne bringt mit einer warm-balsamischen Duftnuance mit Zimt, Orange und Tonka-Extrakt weihnachtliche Harmonie in die Nase. Nicht zur Einnahme bestimmt!.<\/p>\n","protected":false},"excerpt":{"rendered":"<p>Apofit \u00c4therisches \u00d6l Zimtsterne bringt mit einer warm-balsamischen Duftnuance mit Zimt, Orange und Tonka-Extrakt weihnachtliche Harmonie in die Nase. Nicht zur Einnahme bestimmt!.<\/p>\n","protected":false},"featured_media":87927,"template":"","meta":{"_acf_changed":false},"product_brand":[571],"product_cat":[299],"product_tag":[],"class_list":{"0":"post-87925","1":"product","2":"type-product","3":"status-publish","4":"has-post-thumbnail","6":"product_brand-apofit","7":"product_cat-a","8":"pa_packungsgroesse-10ml","10":"first","11":"instock","12":"shipping-taxable","13":"purchasable","14":"product-type-simple"},"acf":[],"_links":{"self":[{"href":"https:\/\/www.hirtenberg-apotheke.at\/katalog\/wp-json\/wp\/v2\/product\/87925","targetHints":{"allow":["GET"]}}],"collection":[{"href":"https:\/\/www.hirtenberg-apotheke.at\/katalog\/wp-json\/wp\/v2\/product"}],"about":[{"href":"https:\/\/www.hirtenberg-apotheke.at\/katalog\/wp-json\/wp\/v2\/types\/product"}],"wp:featuredmedia":[{"embeddable":true,"href":"https:\/\/www.hirtenberg-apotheke.at\/katalog\/wp-json\/wp\/v2\/media\/87927"}],"wp:attachment":[{"href":"https:\/\/www.hirtenberg-apotheke.at\/katalog\/wp-json\/wp\/v2\/media?parent=87925"}],"wp:term":[{"taxonomy":"product_brand","embeddable":true,"href":"https:\/\/www.hirtenberg-apotheke.at\/katalog\/wp-json\/wp\/v2\/product_brand?post=87925"},{"taxonomy":"product_cat","embeddable":true,"href":"https:\/\/www.hirtenberg-apotheke.at\/katalog\/wp-json\/wp\/v2\/product_cat?post=87925"},{"taxonomy":"product_tag","embeddable":true,"href":"https:\/\/www.hirtenberg-apotheke.at\/katalog\/wp-json\/wp\/v2\/product_tag?post=87925"}],"curies":[{"name":"wp","href":"https:\/\/api.w.org\/{rel}","templated":true}]}}