{"id":8823,"date":"2025-11-25T13:48:01","date_gmt":"2025-11-25T12:48:01","guid":{"rendered":"https:\/\/www.hirtenberg-apotheke.at\/katalog\/produkt\/preisel-caps-cranberry-acerola-magnesium-90-stk\/"},"modified":"2025-11-25T13:48:19","modified_gmt":"2025-11-25T12:48:19","slug":"preisel-caps-cranberry-acerola-magnesium-90-stk","status":"publish","type":"product","link":"https:\/\/www.hirtenberg-apotheke.at\/katalog\/produkt\/preisel-caps-cranberry-acerola-magnesium-90-stk\/","title":{"rendered":"Preisel-caps Cranberry + Acerola + Magnesium 90 Stk."},"content":{"rendered":"<p>Preisel-caps Cranberry + Acerola + Magnesium sind ein Nahrungserg\u00e4nzungsmittel mit einem hohen Gehalt an vermehrungsf\u00e4higen probiotischen Keimen, Pr\u00e4biotika, Vitamin K und B-Komplex sowie einem standardisierten Cranberry-Extrakt. Die probiotischen Keime sch\u00fctzen den Darm und die Vaginalflora vor den typischen Folgen einer Infektionsbehandlung mit Antibiotika.<\/p>\n","protected":false},"excerpt":{"rendered":"<p>Preisel-caps Cranberry + Acerola + Magnesium sind ein Nahrungserg\u00e4nzungsmittel mit einem hohen Gehalt an vermehrungsf\u00e4higen probiotischen Keimen, Pr\u00e4biotika, Vitamin K und B-Komplex sowie einem standardisierten Cranberry-Extrakt. Die probiotischen Keime sch\u00fctzen den Darm und die Vaginalflora vor den typischen Folgen einer Infektionsbehandlung mit Antibiotika.<\/p>\n","protected":false},"featured_media":8825,"template":"","meta":{"_acf_changed":false},"product_brand":[],"product_cat":[302],"product_tag":[],"class_list":{"0":"post-8823","1":"product","2":"type-product","3":"status-publish","4":"has-post-thumbnail","6":"product_cat-p","7":"pa_packungsgroesse-90-stueck","9":"first","10":"instock","11":"shipping-taxable","12":"purchasable","13":"product-type-simple"},"acf":[],"_links":{"self":[{"href":"https:\/\/www.hirtenberg-apotheke.at\/katalog\/wp-json\/wp\/v2\/product\/8823","targetHints":{"allow":["GET"]}}],"collection":[{"href":"https:\/\/www.hirtenberg-apotheke.at\/katalog\/wp-json\/wp\/v2\/product"}],"about":[{"href":"https:\/\/www.hirtenberg-apotheke.at\/katalog\/wp-json\/wp\/v2\/types\/product"}],"wp:featuredmedia":[{"embeddable":true,"href":"https:\/\/www.hirtenberg-apotheke.at\/katalog\/wp-json\/wp\/v2\/media\/8825"}],"wp:attachment":[{"href":"https:\/\/www.hirtenberg-apotheke.at\/katalog\/wp-json\/wp\/v2\/media?parent=8823"}],"wp:term":[{"taxonomy":"product_brand","embeddable":true,"href":"https:\/\/www.hirtenberg-apotheke.at\/katalog\/wp-json\/wp\/v2\/product_brand?post=8823"},{"taxonomy":"product_cat","embeddable":true,"href":"https:\/\/www.hirtenberg-apotheke.at\/katalog\/wp-json\/wp\/v2\/product_cat?post=8823"},{"taxonomy":"product_tag","embeddable":true,"href":"https:\/\/www.hirtenberg-apotheke.at\/katalog\/wp-json\/wp\/v2\/product_tag?post=8823"}],"curies":[{"name":"wp","href":"https:\/\/api.w.org\/{rel}","templated":true}]}}