{"id":88933,"date":"2025-12-02T17:09:00","date_gmt":"2025-12-02T16:09:00","guid":{"rendered":"https:\/\/www.hirtenberg-apotheke.at\/katalog\/produkt\/apimanu-ayurveda-kapseln-diabgymna-30-stk\/"},"modified":"2025-12-02T17:09:15","modified_gmt":"2025-12-02T16:09:15","slug":"apimanu-ayurveda-kapseln-diabgymna-30-stk","status":"publish","type":"product","link":"https:\/\/www.hirtenberg-apotheke.at\/katalog\/produkt\/apimanu-ayurveda-kapseln-diabgymna-30-stk\/","title":{"rendered":"Apimanu Ayurveda Kapseln Diabgymna 30 Stk."},"content":{"rendered":"<p>Apimanu Ayurveda Kapseln Diabgymna  wird aus den Bl\u00e4ttern der Gymnapflanze durch ein sehr aufwendiges Trocknungs- und Herstellungsverfahren gem\u00e4\u00df der uralten Ayurveda-Heilkunde hergestellt. Klinische Tests haben gezeigt, dass der Blutzucker bei einem Diabetiker unterst\u00fctzend durch diese Kapseln reduziert und stabil gehalten werden kann.<\/p>\n","protected":false},"excerpt":{"rendered":"<p>Apimanu Ayurveda Kapseln Diabgymna wird aus den Bl\u00e4ttern der Gymnapflanze durch ein sehr aufwendiges Trocknungs- und Herstellungsverfahren gem\u00e4\u00df der uralten Ayurveda-Heilkunde hergestellt. Klinische Tests haben gezeigt, dass der Blutzucker bei einem Diabetiker unterst\u00fctzend durch diese Kapseln reduziert und stabil gehalten werden kann.<\/p>\n","protected":false},"featured_media":88935,"template":"","meta":{"_acf_changed":false},"product_brand":[],"product_cat":[299],"product_tag":[],"class_list":{"0":"post-88933","1":"product","2":"type-product","3":"status-publish","4":"has-post-thumbnail","6":"product_cat-a","7":"pa_packungsgroesse-30-stueck","9":"first","10":"instock","11":"shipping-taxable","12":"purchasable","13":"product-type-simple"},"acf":[],"_links":{"self":[{"href":"https:\/\/www.hirtenberg-apotheke.at\/katalog\/wp-json\/wp\/v2\/product\/88933","targetHints":{"allow":["GET"]}}],"collection":[{"href":"https:\/\/www.hirtenberg-apotheke.at\/katalog\/wp-json\/wp\/v2\/product"}],"about":[{"href":"https:\/\/www.hirtenberg-apotheke.at\/katalog\/wp-json\/wp\/v2\/types\/product"}],"wp:featuredmedia":[{"embeddable":true,"href":"https:\/\/www.hirtenberg-apotheke.at\/katalog\/wp-json\/wp\/v2\/media\/88935"}],"wp:attachment":[{"href":"https:\/\/www.hirtenberg-apotheke.at\/katalog\/wp-json\/wp\/v2\/media?parent=88933"}],"wp:term":[{"taxonomy":"product_brand","embeddable":true,"href":"https:\/\/www.hirtenberg-apotheke.at\/katalog\/wp-json\/wp\/v2\/product_brand?post=88933"},{"taxonomy":"product_cat","embeddable":true,"href":"https:\/\/www.hirtenberg-apotheke.at\/katalog\/wp-json\/wp\/v2\/product_cat?post=88933"},{"taxonomy":"product_tag","embeddable":true,"href":"https:\/\/www.hirtenberg-apotheke.at\/katalog\/wp-json\/wp\/v2\/product_tag?post=88933"}],"curies":[{"name":"wp","href":"https:\/\/api.w.org\/{rel}","templated":true}]}}